{"id":106,"date":"2025-01-19T12:45:18","date_gmt":"2025-01-19T12:45:18","guid":{"rendered":"https:\/\/polishcomposersofthe0148.live-website.com\/?page_id=106"},"modified":"2025-01-24T20:29:01","modified_gmt":"2025-01-24T20:29:01","slug":"august-fryderyk-duranowski","status":"publish","type":"page","link":"https:\/\/polishcomposersof19c.com\/pl\/august-fryderyk-duranowski\/","title":{"rendered":"August Fryderyk Duranowski"},"content":{"rendered":"<p>[et_pb_section fb_built=&#8221;1&#8243; admin_label=&#8221;About&#8221; _builder_version=&#8221;4.27.4&#8243; _module_preset=&#8221;default&#8221; background_color=&#8221;#fffcf7&#8243; background_image=&#8221;https:\/\/polishcomposersofthe0148.live-website.com\/wp-content\/uploads\/2025\/01\/44.png&#8221; background_size=&#8221;contain&#8221; collapsed=&#8221;on&#8221; global_colors_info=&#8221;{}&#8221;][et_pb_row column_structure=&#8221;1_2,1_2&#8243; _builder_version=&#8221;4.20.0&#8243; _module_preset=&#8221;default&#8221; custom_padding=&#8221;||0px||false|false&#8221; global_colors_info=&#8221;{}&#8221;][et_pb_column type=&#8221;1_2&#8243; _builder_version=&#8221;4.20.0&#8243; _module_preset=&#8221;default&#8221; global_colors_info=&#8221;{}&#8221;][et_pb_text _builder_version=&#8221;4.20.0&#8243; _module_preset=&#8221;78e628bd-4da5-431b-8c94-70e92ccc95ef&#8221; header_2_text_color=&#8221;#FFFFFF&#8221; width=&#8221;100%&#8221; custom_padding=&#8221;|0px||||&#8221; global_colors_info=&#8221;{}&#8221;]<\/p>\n<h2><span style=\"color: #381d2a;\">August Fryderyk Duranowski\u00a0<\/span><\/h2>\n<p>[\/et_pb_text][et_pb_text _builder_version=&#8221;4.27.4&#8243; _module_preset=&#8221;78e628bd-4da5-431b-8c94-70e92ccc95ef&#8221; text_text_color=&#8221;#fffcf7&#8243; text_font_size=&#8221;5px&#8221; header_2_text_color=&#8221;#FFFFFF&#8221; header_3_font=&#8221;Cormorant Garamond||||||||&#8221; custom_padding=&#8221;|4px||||&#8221; hover_enabled=&#8221;0&#8243; global_colors_info=&#8221;{}&#8221; sticky_enabled=&#8221;0&#8243;]<\/p>\n<h3><span style=\"color: #381d2a;\">WYBITNY SKRZYPEK I KOMPOZYTOR<\/span><\/h3>\n<p>[\/et_pb_text][et_pb_text _builder_version=&#8221;4.20.0&#8243; _module_preset=&#8221;1b32a508-bed9-4043-b8e5-8175eda2df0c&#8221; text_text_color=&#8221;#FFFFFF&#8221; global_colors_info=&#8221;{}&#8221;]<\/p>\n<div dir=\"auto\"><span style=\"color: #334e58;\">Syn Polki i francuskiego emigranta, kocertmistrza orkiestry ksi\u0119cia Micha\u0142a Kazimierza Ogi\u0144skiego w S\u0142onimiu. Uczy\u0142 si\u0119 gry na skrzypcach u ojca, a p\u00f3\u017aniej w Pary\u017cu pod okiem G.B. Viottiego. Koncertowa\u0142 w ca\u0142ej Europie, wyst\u0119puj\u0105c m.in. w Brukseli, W\u0142oszech, Niemczech i Warszawie. By\u0142 kapelmistrzem orkiestr dworskich w Kassel i Aschaffenburgu, a p\u00f3\u017aniej osiad\u0142 w Strasburgu jako lider orkiestry teatralnej.\u00a0<\/span><\/div>\n<div dir=\"auto\"><span style=\"color: #334e58;\">Legenda g\u0142osi, \u017ce jego niezwyk\u0142a technika pizzicato lew\u0105 r\u0119k\u0105 Duranowskiego zafascynowa\u0142a m\u0142odego Paganiniego i zainspirowa\u0142a go do odkrywania nowych mo\u017cliwo\u015bci gry na skrzypcach.\u00a0<\/span><\/div>\n<div dir=\"auto\"><\/div>\n<p>[\/et_pb_text][\/et_pb_column][et_pb_column type=&#8221;1_2&#8243; _builder_version=&#8221;4.20.0&#8243; _module_preset=&#8221;default&#8221; global_colors_info=&#8221;{}&#8221;][et_pb_image src=&#8221;https:\/\/polishcomposersofthe0148.live-website.com\/wp-content\/uploads\/2025\/01\/Duranowski.png&#8221; title_text=&#8221;Duranowski&#8221; _builder_version=&#8221;4.27.4&#8243; _module_preset=&#8221;default&#8221; min_height=&#8221;541px&#8221; custom_margin=&#8221;||2px|||&#8221; custom_padding=&#8221;|0px|2px|0px||&#8221; global_colors_info=&#8221;{}&#8221;][\/et_pb_image][et_pb_text _builder_version=&#8221;4.27.4&#8243; _module_preset=&#8221;78e628bd-4da5-431b-8c94-70e92ccc95ef&#8221; text_text_color=&#8221;#fffcf7&#8243; text_font_size=&#8221;5px&#8221; header_2_text_color=&#8221;#FFFFFF&#8221; header_3_font=&#8221;Cormorant Garamond||||||||&#8221; custom_margin=&#8221;|-17px||||&#8221; custom_padding=&#8221;|4px|14px|||&#8221; global_colors_info=&#8221;{}&#8221;]<\/p>\n<h3 style=\"text-align: center;\"><span style=\"font-size: medium;\">Duranowski 3 Airs Vari\u00e9s, Op.5<\/span><\/h3>\n<p>[\/et_pb_text][\/et_pb_column][\/et_pb_row][\/et_pb_section]<\/p>","protected":false},"excerpt":{"rendered":"<p>August Fryderyk Duranowski\u00a0RENOWNED VIOLINIST AND COMPOSERThe son of a Polish mother and a French \u00e9migr\u00e9, who served as the concertmaster of Prince Micha\u0142 Kazimierz Ogi\u0144ski&#8217;s court orchestra in S\u0142onim. He learned violin from his father and later studied in Paris under G.B. Viotti. Duranowski performed across Europe, including in Brussels, Italy, Germany, and Warsaw. He [&hellip;]<\/p>","protected":false},"author":1,"featured_media":0,"parent":0,"menu_order":0,"comment_status":"closed","ping_status":"closed","template":"","meta":{"_et_pb_use_builder":"on","_et_pb_old_content":"","_et_gb_content_width":"","footnotes":""},"class_list":["post-106","page","type-page","status-publish","hentry"],"_links":{"self":[{"href":"https:\/\/polishcomposersof19c.com\/pl\/wp-json\/wp\/v2\/pages\/106","targetHints":{"allow":["GET"]}}],"collection":[{"href":"https:\/\/polishcomposersof19c.com\/pl\/wp-json\/wp\/v2\/pages"}],"about":[{"href":"https:\/\/polishcomposersof19c.com\/pl\/wp-json\/wp\/v2\/types\/page"}],"author":[{"embeddable":true,"href":"https:\/\/polishcomposersof19c.com\/pl\/wp-json\/wp\/v2\/users\/1"}],"replies":[{"embeddable":true,"href":"https:\/\/polishcomposersof19c.com\/pl\/wp-json\/wp\/v2\/comments?post=106"}],"version-history":[{"count":0,"href":"https:\/\/polishcomposersof19c.com\/pl\/wp-json\/wp\/v2\/pages\/106\/revisions"}],"wp:attachment":[{"href":"https:\/\/polishcomposersof19c.com\/pl\/wp-json\/wp\/v2\/media?parent=106"}],"curies":[{"name":"wp","href":"https:\/\/api.w.org\/{rel}","templated":true}]}}