{"id":211,"date":"2025-01-21T19:59:15","date_gmt":"2025-01-21T19:59:15","guid":{"rendered":"https:\/\/polishcomposersofthe0148.live-website.com\/?page_id=211"},"modified":"2025-02-18T11:29:28","modified_gmt":"2025-02-18T11:29:28","slug":"maria-szymanowska-pl","status":"publish","type":"page","link":"https:\/\/polishcomposersof19c.com\/pl\/maria-szymanowska-pl\/","title":{"rendered":"Maria Szymanowska"},"content":{"rendered":"<p>[et_pb_section fb_built=&#8221;1&#8243; admin_label=&#8221;About&#8221; _builder_version=&#8221;4.27.4&#8243; _module_preset=&#8221;default&#8221; background_color=&#8221;#fffcf7&#8243; background_image=&#8221;https:\/\/polishcomposersofthe0148.live-website.com\/wp-content\/uploads\/2025\/01\/50-1.png&#8221; background_size=&#8221;contain&#8221; background_position=&#8221;top_center&#8221; collapsed=&#8221;on&#8221; global_colors_info=&#8221;{}&#8221;][et_pb_row column_structure=&#8221;1_2,1_2&#8243; _builder_version=&#8221;4.20.0&#8243; _module_preset=&#8221;default&#8221; custom_padding=&#8221;||0px||false|false&#8221; global_colors_info=&#8221;{}&#8221;][et_pb_column type=&#8221;1_2&#8243; _builder_version=&#8221;4.20.0&#8243; _module_preset=&#8221;default&#8221; global_colors_info=&#8221;{}&#8221;][et_pb_text _builder_version=&#8221;4.20.0&#8243; _module_preset=&#8221;78e628bd-4da5-431b-8c94-70e92ccc95ef&#8221; header_2_text_color=&#8221;#FFFFFF&#8221; width=&#8221;100%&#8221; custom_padding=&#8221;|0px||||&#8221; global_colors_info=&#8221;{}&#8221;]<\/p>\n<h2><span style=\"color: #381d2a;\">Maria Szymanowska (1789\u20131831)<\/span><\/h2>\n<p>[\/et_pb_text][et_pb_text _builder_version=&#8221;4.27.4&#8243; _module_preset=&#8221;1b32a508-bed9-4043-b8e5-8175eda2df0c&#8221; text_text_color=&#8221;#FFFFFF&#8221; global_colors_info=&#8221;{}&#8221;]<\/p>\n<div dir=\"auto\"><span style=\"color: #334e58;\">Maria Szymanowska, obdarzona niezwyk\u0142ym talentem i inteligencj\u0105 potrafi\u0142a nawi\u0105zywa\u0107 i utrzymywa\u0107 kontakty z najwa\u017cniejszymi osobisto\u015bciami \u00f3wczesnego \u015bwiata. Urodzi\u0142a si\u0119 w Warszawie 14 grudnia 1789 roku w rodzinie szlacheckiej, jako c\u00f3rka Barbary i Franciszka Wo\u0142owskich. Na chrzcie otrzyma\u0142a imiona Marianna Agata, przy czym drugie imi\u0119 by\u0142o na wyra\u017ane \u017cyczenie matki chrzestnej, Agaty Grabowskiej. W dzieci\u0144stwie znana jako Marynia, z czasem zacz\u0119\u0142a u\u017cywa\u0107 imienia Maria.<\/div>\n<div dir=\"auto\">\n<div dir=\"auto\"><\/div>\n<div dir=\"auto\"><span style=\"color: #334e58;\">Ju\u017c od najm\u0142odszych lat zdradza\u0142a ogromne zainteresowanie muzyk\u0105. Aleksander Br\u00fcckner pisa\u0142 o jej imponuj\u0105cej grze na fortepianie ju\u017c w wieku o\u015bmiu lat. Rodzina Wo\u0142owskich prowadzi\u0142a otwarty salon artystyczny, gdzie go\u015bcili zar\u00f3wno polscy, jak i zagraniczni arty\u015bci, cz\u0119sto podr\u00f3\u017cuj\u0105cy do Petersburga.<\/div>\n<div dir=\"auto\"><\/div>\n<div dir=\"auto\"><span style=\"color: #334e58;\">Pierwszy publiczny wyst\u0119p Marii mia\u0142 si\u0119 odby\u0107 3 sierpnia 1806 roku, podczas otwarcia Resursy Muzykalnej. Jej publiczny debiut, cho\u0107 pocz\u0105tkowo odroczony, okaza\u0142 si\u0119 pocz\u0105tkiem wielkiej kariery. Mia\u0142a zagra\u0107 koncert fortepianowy Daniela Steibelta. Jednak w ostatniej chwili zrezygnowa\u0142a, a zast\u0105pi\u0142a j\u0105 kuzynka, Tekla Wo\u0142owska. Wed\u0142ug \u017ar\u00f3de\u0142, aby poradzi\u0107 sobie z nerwami, zacz\u0119\u0142a gra\u0107 utwory z pami\u0119ci, co w tamtych czasach nie by\u0142o powszechne i tym bardziej podziwiano jej talent.<\/div>\n<div dir=\"auto\"><\/div>\n<div dir=\"auto\"><span style=\"color: #334e58;\">W m\u0142odym wieku Maria pozna\u0142a J\u00f3zefa Elsnera, wybitnego muzyka i pedagoga, kt\u00f3ry ocenia\u0142 jej pierwsze kompozycje i udziela\u0142 jej cennych rad. W jej tw\u00f3rczo\u015bci widoczne s\u0105 wp\u0142ywy Elsnera, mimo \u017ce p\u00f3\u017aniej pozna\u0142a r\u00f3wnie\u017c innych znanych kompozytor\u00f3w, takich jak Karol Kurpi\u0144ski i Franciszek Lessel. Chocia\u017c mo\u017cemy dostrzec wp\u0142ywy tych kompozytor\u00f3w na jej tw\u00f3rczo\u015b\u0107, nie wiadomo, kto by\u0142 jej nauczycielem fortepianu. Sama Maria wspomina\u0142a, \u017ce nie mia\u0142a szcz\u0119\u015bcia do dobrych pedagog\u00f3w.<\/div>\n<div dir=\"auto\"><\/div>\n<div dir=\"auto\"><span style=\"color: #334e58;\">Maria Szymanowska, mimo \u017ce cz\u0119sto uto\u017csamiana z Johnem Fieldem, nigdy nie by\u0142a jego uczennic\u0105. Jej zainteresowania wykracza\u0142y poza muzyk\u0119, kolekcjonowa\u0142a r\u00f3wnie\u017c autografy znanych os\u00f3b, dokumentuj\u0105c swoje kontakty z elit\u0105 intelektualn\u0105 i artystyczn\u0105. Podr\u00f3\u017cuj\u0105c po Europie, Szymanowska nawi\u0105za\u0142a cenne znajomo\u015bci, m.in. z Luigim Cherubinim, kt\u00f3ry dedykowa\u0142 jej \"Fantazj\u0119 na fortepian\".<\/div>\n<div dir=\"auto\"><\/div>\n<div dir=\"auto\"><span style=\"color: #334e58;\">\u017bycie prywatne artystki naznaczone by\u0142o ma\u0142\u017ce\u0144stwem z J\u00f3zefem Szymanowskim, kt\u00f3re okaza\u0142o si\u0119 nieporozumieniem. Mimo urodzenia tr\u00f3jki dzieci, ma\u0142\u017ce\u0144stwo rozpad\u0142o si\u0119, a Szymanowska samodzielnie wychowywa\u0142a dzieci, rozpoczynaj\u0105c profesjonaln\u0105 karier\u0119 muzyczn\u0105. Inspiracj\u0105 dla niej by\u0142a znajomo\u015b\u0107 z Angelic\u0105 Catalani. Szymanowska, pod jej wp\u0142ywem, r\u00f3wnie\u017c postanowi\u0142a po\u015bwi\u0119ci\u0107 si\u0119 muzyce i sztuce.Dzi\u0119ki niej Szymanowska odwa\u017cy\u0142a si\u0119 podj\u0105\u0107 decyzj\u0119 o po\u015bwi\u0119ceniu si\u0119 sztuce, staj\u0105c si\u0119 pierwsz\u0105 zawodow\u0105 pianistk\u0105 w Europie.<\/div>\n<div dir=\"auto\"><\/div>\n<div dir=\"auto\"><span style=\"color: #334e58;\">Lata 1810-1820 to czas najwi\u0119kszego rozkwitu kariery Szymanowskiej. W tym okresie odby\u0142a kolejne tourn\u00e9e i nawi\u0105za\u0142a serdeczn\u0105 przyja\u017a\u0144 z Johannem Nepomukiem Hummelem. Hummel, zachwycony jej talentem, skomponowa\u0142 na jej cze\u015b\u0107 \"Adagio na fortepian i orkiestr\u0119\", kt\u00f3rego prawykonanie odby\u0142o si\u0119 w Petersburgu. Parti\u0119 solow\u0105 wykona\u0142a Szymanowska, a Hummel dyrygowa\u0142 orkiestr\u0105. Od tego czasu cz\u0119sto wyst\u0119powali razem, m.in. graj\u0105c \"Koncert na dwa fortepiany\" Jana Dusseka. Szymanowska sta\u0142a si\u0119 znakomit\u0105 interpretatork\u0105 dzie\u0142 Hummla, kt\u00f3ry mia\u0142 nawet powiedzie\u0107, \u017ce on b\u0119dzie komponowa\u0142, a ona b\u0119dzie te kompozycje gra\u0142a.<\/div>\n<div dir=\"auto\"><\/div>\n<div dir=\"auto\"><span style=\"color: #334e58;\">U szczytu kariery Szymanowska pozna\u0142a Juliana Ursyna Niemcewicza, z kt\u00f3rym si\u0119 zaprzyja\u017ani\u0142a i go\u015bci\u0142a w jego pa\u0142acyku w Ursynowie. Niemcewicz zaprosi\u0142 j\u0105 do wsp\u00f3\u0142pracy nad \"\u015apiewami...\", co Szymanowska przyj\u0119\u0142a z rado\u015bci\u0105. Wiedzia\u0142a, \u017ce obecno\u015b\u0107 jej kompozycji w albumie znanego i lubianego poety przyniesie jej rozg\u0142os.<\/div>\n<div dir=\"auto\"><\/div>\n<div dir=\"auto\"><span style=\"color: #334e58;\">Wsp\u00f3\u0142praca Szymanowskiej z Niemcewiczem przy \"\u015apiewach...\" by\u0142a wa\u017cnym momentem w jej karierze. Dzi\u0119ki temu pozna\u0142a wiele wp\u0142ywowych os\u00f3b, w tym Mari\u0119 Wirtembersk\u0105, kt\u00f3ra uwieczni\u0142a j\u0105 w swojej powie\u015bci \"Malwina, czyli domy\u015blno\u015b\u0107 serca\". Szymanowska skomponowa\u0142a muzyk\u0119 do kilku \u015bpiew\u00f3w, ale nie wszystkie zosta\u0142y opublikowane. W Podczas pobytu w Rosji Szymanowska pozna\u0142a wielu wybitnych artyst\u00f3w, m.in. Johna Fielda, Michai\u0142a Glink\u0119 oraz rosyjskich uczonych i pisarzy. Otrzyma\u0142a r\u00f3wnie\u017c tytu\u0142 \u201ePierwszej Fortepianistki Najdostojniejszych Cesarzowych\" od cara Aleksandra I. Koncert w Kijowie z Lipi\u0144skim by\u0142 kolejnym sukcesem w jej karierze.Lipi\u0144ski zadedykowa\u0142 jej jeden ze swoich Kaprys\u00f3w na skrzypce solo. Przed koncertem w prasie ukaza\u0142o si\u0119 og\u0142oszenie z pro\u015bb\u0105 o nie stawanie na krzes\u0142ach i \u0142awach podczas wyst\u0119pu, co mia\u0142o zapobiec szkodom. Mimo \u017ce Lipi\u0144ski cieszy\u0142 si\u0119 wi\u0119ksz\u0105 s\u0142aw\u0105, to Szymanowska zaproponowa\u0142a mu wsp\u00f3lny wyst\u0119p, kt\u00f3ry okaza\u0142 si\u0119 du\u017cym sukcesem. W tym czasie Szymanowska by\u0142a u szczytu swojej popularno\u015bci i uznania.<\/div>\n<div dir=\"auto\"><\/div>\n<div dir=\"auto\"><span style=\"color: #334e58;\">Szymanowska przyja\u017ani\u0142a si\u0119 z wieloma znanymi poetami i pisarzami,m. Jednak najwa\u017cniejsze spotkanie w jej \u017cyciu mia\u0142o miejsce w 1823 roku, kiedy pozna\u0142a Goethego. Dla Goethego spotkania z Szymanowsk\u0105 by\u0142y fascynuj\u0105ce ze wzgl\u0119du na jej inteligencj\u0119, urok i talent muzyczny. Goethe dedykowa\u0142 jej nawet wiersz \"Pojednanie\" i z sympati\u0105 wspomina\u0142 j\u0105 do ko\u0144ca \u017cycia. Podczas swych podr\u00f3\u017cy pozna\u0142a bli\u017cej Gioacchino Rossiniego, Felixa Mendelssohna-Bartholdy'ego, Friedricha Kalkbrennera, Ferenca Liszta, Aleksieja Lwowa, Giacomo Meyerbeera, Muzio Clementiego, Micha\u0142a Kleofasa Ogi\u0144skiego, Adama Mickiewicza, Aleksandra Puszkina i wielu innych naprawd\u0119 wybitnych artyst\u00f3w i uczonych tamtego czasu z ca\u0142ej Europy.<\/div>\n<div dir=\"auto\"><\/div>\n<div dir=\"auto\"><span style=\"color: #334e58;\">W pierwszych latach XIX w. pozna\u0142a Szymanowska ksi\u0119cia Antoniego Radziwi\u0142\u0142a, znanego mecenasa sztuki, kompozytora muzyki do \"Fausta\" Goethego i r\u00f3wnie\u017c wiolonczelist\u0119 amatora. Antoni Radziwi\u0142\u0142, w dow\u00f3d wdzi\u0119czno\u015bci za dedykacj\u0119 \"Serenady\", podarowa\u0142 Szymanowskiej utw\u00f3r na g\u0142os, alt\u00f3wk\u0119 i dwie wiolonczele, z dedykacj\u0105:<\/div>\n<div dir=\"auto\"><span style=\"color: #334e58;\">\"Prawdziwy admirator Talentu Pani z najwi\u0119ksz\u0105 przyjemno\u015bci\u0105 k\u0142ad\u0119 tu obok najwi\u0119kszego Talentu jakim si\u0119 Polska szczyci\u0142a moj\u0105 amatorsk\u0105 cyfr\u0119 w dow\u00f3d szacunku i admiracji, jak\u0105 mam dla Jej Osoby\".<\/div>\n<div dir=\"auto\"><\/div>\n<div dir=\"auto\"><span style=\"color: #334e58;\">W 1827 roku Maria Szymanowska opu\u015bci\u0142a Polsk\u0119 z zamiarem osiedlenia si\u0119 w Petersburgu. Po drodze zatrzyma\u0142a si\u0119 w Kijowie i Moskwie. W Moskwie, gdzie sp\u0119dzi\u0142a d\u0142u\u017cszy czas, do\u0142\u0105czy\u0142y do niej dzieci. Z dziennika Heleny, c\u00f3rki Szymanowskiej, dowiadujemy si\u0119 o trudach \u017cycia artystycznego w Moskwie. Mieszkanie Szymanowskiej by\u0142o cz\u0119sto odwiedzane przez r\u00f3\u017cne osoby, kt\u00f3re umawia\u0142y si\u0119 na lekcje lub zaprasza\u0142y j\u0105 na wyst\u0119py. Helenka wspomina\u0142a, \u017ce drzwi ich mieszkania nigdy si\u0119 nie zamyka\u0142y. Pobyt w Moskwie up\u0142yn\u0105\u0142 w\u0142a\u015bnie pod znakiem \u017cycia towarzyskiego, artystycznego i rodzinnego. Z dziennika Helenki wiemy, \u017ce Szymanowskich odwiedzali wtedy m.in. Adam Mickiewicz, ks. Piotr Wiaziemski, Aleksander Puszkin, John Field:<\/div>\n<div dir=\"auto\"><span style=\"color: #334e58;\">(,,Field i ks. Wiaziemski byli u nas przed po\u0142udniem... Wieczorem Field z synem by\u0142 u nas, bardzo weso\u0142y i dowcipny. Wpisa\u0142 si\u0119 nam w sztambuchy [...]. Gra\u0142 swoje nokturna i si\u00f3dmy koncert, jak tylko Field gra\u0107 mo\u017ce\").<\/div>\n<div dir=\"auto\"><\/div>\n<div dir=\"auto\"><span style=\"color: #334e58;\">Pobyt w Petersburgu by\u0142 dla Marii Szymanowskiej bardzo udany. Rozwija\u0142a sw\u00f3j talent, dawa\u0142a lekcje, koncertowa\u0142a i komponowa\u0142a. Dzi\u0119ki ci\u0119\u017ckiej pracy i talentowi osi\u0105gn\u0119\u0142a sukces finansowy i mog\u0142a zapewni\u0107 dostatnie \u017cycie sobie i dzieciom. W Petersburgu Szymanowska by\u0142a u szczytu s\u0142awy, a jej c\u00f3rki bra\u0142y udzia\u0142 w \u017cyciu towarzyskim i artystycznym. Celina pozna\u0142a tam Adama Mickiewicza, a Helena Franciszka Malewskiego. Sielank\u0119 przerwa\u0142a jednak epidemia cholery w 1831 roku, kt\u00f3ra zdziesi\u0105tkowa\u0142a miasto. Maria Szymanowska zmar\u0142a na choler\u0119 25 lipca 1831 roku, w wieku zaledwie 42 lat.<\/div>\n<\/div>\n<p>[\/et_pb_text][\/et_pb_column][et_pb_column type=&#8221;1_2&#8243; _builder_version=&#8221;4.20.0&#8243; _module_preset=&#8221;default&#8221; global_colors_info=&#8221;{}&#8221;][et_pb_image src=&#8221;https:\/\/polishcomposersofthe0148.live-website.com\/wp-content\/uploads\/2025\/01\/szymanowska_01.jpg&#8221; alt=&#8221;Lithograph based on a portrait by Maria Szymanowska by Jozef Oleszkiewicz, 1825. Print from the collection of Bibliotheque Polonaise in Paris.&#8221; title_text=&#8221;szymanowska_01&#8243; _builder_version=&#8221;4.27.4&#8243; _module_preset=&#8221;default&#8221; min_height=&#8221;213.7px&#8221; custom_margin=&#8221;2px|||||&#8221; custom_padding=&#8221;|3px|2px|4px||&#8221; global_colors_info=&#8221;{}&#8221;][\/et_pb_image][et_pb_text _builder_version=&#8221;4.27.4&#8243; _module_preset=&#8221;78e628bd-4da5-431b-8c94-70e92ccc95ef&#8221; text_text_color=&#8221;#fffcf7&#8243; text_font_size=&#8221;5px&#8221; header_2_text_color=&#8221;#FFFFFF&#8221; header_3_font=&#8221;Cormorant Garamond||||||||&#8221; width=&#8221;103.4%&#8221; min_height=&#8221;120px&#8221; custom_margin=&#8221;-22px|-17px||||&#8221; custom_padding=&#8221;0px|4px|14px|||&#8221; global_colors_info=&#8221;{}&#8221;]<\/p>\n<h3 style=\"text-align: left;\"><span style=\"font-size: medium;\">\u0179r\u00f3d\u0142o: <span>Litografia na podstawie portretu Marii Szymanowskiej autorstwa J\u00f3zefa Oleszkiewicza, 1825. Druk z kolekcji Bibliotheque de Paris<\/span><\/span><\/h3>\n<p>[\/et_pb_text][et_pb_text _builder_version=&#8221;4.27.4&#8243; _module_preset=&#8221;78e628bd-4da5-431b-8c94-70e92ccc95ef&#8221; text_text_color=&#8221;#fffcf7&#8243; text_font_size=&#8221;5px&#8221; header_2_text_color=&#8221;#FFFFFF&#8221; header_3_font=&#8221;Cormorant Garamond||||||||&#8221; width=&#8221;103.4%&#8221; custom_margin=&#8221;-22px|-17px|-5px|||&#8221; custom_padding=&#8221;0px|4px|14px|||&#8221; global_colors_info=&#8221;{}&#8221;]<\/p>\n<h3 style=\"text-align: left;\"><span style=\"font-size: x-large;\">Tw\u00f3rczo\u015b\u0107<\/span><\/h3>\n<p>[\/et_pb_text][et_pb_text _builder_version=&#8221;4.27.4&#8243; _module_preset=&#8221;1b32a508-bed9-4043-b8e5-8175eda2df0c&#8221; text_text_color=&#8221;#FFFFFF&#8221; hover_enabled=&#8221;0&#8243; global_colors_info=&#8221;{}&#8221; sticky_enabled=&#8221;0&#8243; custom_margin=&#8221;||18px|||&#8221;]<\/p>\n<div dir=\"auto\">\n<div dir=\"auto\"><span style=\"color: #334e58;\">Szymanowska pozostawi\u0142a po sobie szereg kompozycji fortepianowych, pie\u015bni i utwor\u00f3w kameralnych. Jej tw\u00f3rczo\u015b\u0107 napisana by\u0142a w stylu brillant, b\u0119d\u0105cym stylem po\u015brednim mi\u0119dzy klasycyzmem a romantyzmem.<\/span><\/div>\n<\/div>\n<div dir=\"auto\">\n<div dir=\"auto\"><\/div>\n<\/div>\n<p>[\/et_pb_text][et_pb_text _builder_version=&#8221;4.27.4&#8243; _module_preset=&#8221;1b32a508-bed9-4043-b8e5-8175eda2df0c&#8221; text_text_color=&#8221;#FFFFFF&#8221; hover_enabled=&#8221;0&#8243; global_colors_info=&#8221;{}&#8221; sticky_enabled=&#8221;0&#8243;]<\/p>\n<div dir=\"auto\">\n<div dir=\"auto\"><span style=\"color: #334e58;\">\u0179r\u00f3d\u0142o: Anna Wr\u00f3bel, Kobiety w Muzyce Polskiej, Polihymnia, 2024.<\/span><\/div>\n<\/div>\n<div dir=\"auto\">\n<div dir=\"auto\"><\/div>\n<\/div>\n<p>[\/et_pb_text][\/et_pb_column][\/et_pb_row][\/et_pb_section]<\/p>","protected":false},"excerpt":{"rendered":"<p>Maria Szymanowska (1789\u20131831)Maria Szymanowska, endowed with extraordinary talent and intelligence, was able to establish and maintain connections with the most important figures of her time. She was born in Warsaw on December 14, 1789, into a noble family as the daughter of Barbara and Franciszek Wo\u0142owski. At her baptism, she was given the names Marianna [&hellip;]<\/p>","protected":false},"author":1,"featured_media":0,"parent":0,"menu_order":0,"comment_status":"closed","ping_status":"closed","template":"","meta":{"_et_pb_use_builder":"on","_et_pb_old_content":"","_et_gb_content_width":"","footnotes":""},"class_list":["post-211","page","type-page","status-publish","hentry"],"_links":{"self":[{"href":"https:\/\/polishcomposersof19c.com\/pl\/wp-json\/wp\/v2\/pages\/211","targetHints":{"allow":["GET"]}}],"collection":[{"href":"https:\/\/polishcomposersof19c.com\/pl\/wp-json\/wp\/v2\/pages"}],"about":[{"href":"https:\/\/polishcomposersof19c.com\/pl\/wp-json\/wp\/v2\/types\/page"}],"author":[{"embeddable":true,"href":"https:\/\/polishcomposersof19c.com\/pl\/wp-json\/wp\/v2\/users\/1"}],"replies":[{"embeddable":true,"href":"https:\/\/polishcomposersof19c.com\/pl\/wp-json\/wp\/v2\/comments?post=211"}],"version-history":[{"count":0,"href":"https:\/\/polishcomposersof19c.com\/pl\/wp-json\/wp\/v2\/pages\/211\/revisions"}],"wp:attachment":[{"href":"https:\/\/polishcomposersof19c.com\/pl\/wp-json\/wp\/v2\/media?parent=211"}],"curies":[{"name":"wp","href":"https:\/\/api.w.org\/{rel}","templated":true}]}}