{"id":245,"date":"2025-01-21T20:26:27","date_gmt":"2025-01-21T20:26:27","guid":{"rendered":"https:\/\/polishcomposersofthe0148.live-website.com\/?page_id=245"},"modified":"2025-02-14T20:58:23","modified_gmt":"2025-02-14T20:58:23","slug":"jozef-stefani-pl","status":"publish","type":"page","link":"https:\/\/polishcomposersof19c.com\/pl\/jozef-stefani-pl\/","title":{"rendered":"J\u00f3zef Stefani"},"content":{"rendered":"<p>[et_pb_section fb_built=&#8221;1&#8243; admin_label=&#8221;About&#8221; _builder_version=&#8221;4.27.4&#8243; _module_preset=&#8221;default&#8221; background_color=&#8221;#fffcf7&#8243; background_image=&#8221;https:\/\/polishcomposersofthe0148.live-website.com\/wp-content\/uploads\/2025\/01\/47-1.png&#8221; collapsed=&#8221;on&#8221; global_colors_info=&#8221;{}&#8221;][et_pb_row column_structure=&#8221;1_2,1_2&#8243; _builder_version=&#8221;4.20.0&#8243; _module_preset=&#8221;default&#8221; custom_padding=&#8221;||0px||false|false&#8221; global_colors_info=&#8221;{}&#8221;][et_pb_column type=&#8221;1_2&#8243; _builder_version=&#8221;4.20.0&#8243; _module_preset=&#8221;default&#8221; global_colors_info=&#8221;{}&#8221;][et_pb_text _builder_version=&#8221;4.20.0&#8243; _module_preset=&#8221;78e628bd-4da5-431b-8c94-70e92ccc95ef&#8221; header_2_text_color=&#8221;#FFFFFF&#8221; width=&#8221;100%&#8221; custom_padding=&#8221;|0px||||&#8221; global_colors_info=&#8221;{}&#8221;]<\/p>\n<h2 style=\"text-align: left;\"><span style=\"color: #381d2a;\">J\u00f3zef Stefani (1800\u20131876)<\/span><\/h2>\n<p>[\/et_pb_text][et_pb_text _builder_version=&#8221;4.27.4&#8243; _module_preset=&#8221;1b32a508-bed9-4043-b8e5-8175eda2df0c&#8221; text_text_color=&#8221;#FFFFFF&#8221; hover_enabled=&#8221;0&#8243; global_colors_info=&#8221;{}&#8221; sticky_enabled=&#8221;0&#8243;]<\/p>\n<div dir=\"auto\"><\/div>\n<div dir=\"auto\"><span style=\"color: #334e58;\">\u00f3zef Andrzej Stefani (1800\u20131876) by\u0142 polskim kompozytorem, skrzypkiem, dyrygentem i pedagogiem. Jego edukacja muzyczna rozpocz\u0119\u0142a si\u0119 u ojca, a nast\u0119pnie kontynuowa\u0142 nauk\u0119 u J\u00f3zefa Elsnera w Szkole Muzyki i Sztuki Dramatycznej oraz w Instytucie Muzyki i Deklamacji w Warszawie. Karier\u0119 rozpocz\u0105\u0142 jako ch\u00f3rzysta w Teatrze Narodowym, a p\u00f3\u017aniej pe\u0142ni\u0142 funkcje instrumentalisty i dyrygenta, kieruj\u0105c orkiestr\u0105 w przedstawieniach baletowych.<\/span><\/div>\n<div dir=\"auto\">\n<div dir=\"auto\"><\/div>\n<div dir=\"auto\"><span style=\"color: #334e58;\">Jako pedagog pracowa\u0142 w r\u00f3\u017cnych warszawskich instytucjach muzycznych, w tym w Szkole \u015apiewu przy Teatrze Wielkim oraz w szko\u0142ach og\u00f3lnokszta\u0142c\u0105cych, gdzie prowadzi\u0142 zaj\u0119cia z muzyki i \u015bpiewu oraz dyrygowa\u0142 szkolnymi ch\u00f3rami. W latach 1860\u20131861 pe\u0142ni\u0142 funkcj\u0119 inspektora Instytutu Muzycznego w Warszawie.<\/span><\/div>\n<div dir=\"auto\"><\/div>\n<div dir=\"auto\"><span style=\"color: #334e58;\">Stefani by\u0142 ceniony zw\u0142aszcza jako kompozytor ta\u0144c\u00f3w, zar\u00f3wno instrumentalnych, jak i wokalnych, oraz jako tw\u00f3rca muzyki baletowej, cz\u0119sto we wsp\u00f3\u0142pracy z innymi kompozytorami lub na bazie opracowa\u0144 cudzych utwor\u00f3w. Najwi\u0119ksz\u0105 popularno\u015b\u0107 zyska\u0142a jego muzyka do baletu Wesele krakowskie w Ojcowie, inspirowanego Krakowiakami i G\u00f3ralami Jana Stefaniego. Jego operetki nie zdoby\u0142y uznania \u2013 Lekcja botaniki zosta\u0142a zdj\u0119ta po premierze, a Trwoga wieczorna spotka\u0142a si\u0119 z krytyk\u0105.<\/span><\/div>\n<div dir=\"auto\"><\/div>\n<div dir=\"auto\"><span style=\"color: #334e58;\">Wa\u017cnym aspektem jego dzia\u0142alno\u015bci by\u0142a tw\u00f3rczo\u015b\u0107 dydaktyczna i patriotyczna. W 1861 roku jego Requiem zosta\u0142o wykonane podczas uroczysto\u015bci pogrzebowych pi\u0119ciu poleg\u0142ych w manifestacji patriotycznej. Tworzy\u0142 tak\u017ce podr\u0119czniki dla m\u0142odych pianist\u00f3w i \u015bpiewak\u00f3w oraz utwory przeznaczone dla amator\u00f3w, w tym religijne msze, oratoria i kantaty, a tak\u017ce pie\u015bni \u015bwieckie i ta\u0144ce fortepianowe.<\/span><\/div>\n<div dir=\"auto\"><\/div>\n<div dir=\"auto\"><span style=\"color: #334e58;\">Stefani przekaza\u0142 sw\u00f3j dorobek Bibliotece Warszawskiego Towarzystwa Muzycznego, gdzie zachowa\u0142o si\u0119 wiele jego r\u0119kopis\u00f3w, czekaj\u0105cych na szczeg\u00f3\u0142owe opracowanie. Zosta\u0142 pochowany na Cmentarzu Pow\u0105zkowskim w Warszawie.<\/span><\/div>\n<\/div>\n<p>[\/et_pb_text][\/et_pb_column][et_pb_column type=&#8221;1_2&#8243; _builder_version=&#8221;4.20.0&#8243; _module_preset=&#8221;default&#8221; global_colors_info=&#8221;{}&#8221;][et_pb_image src=&#8221;https:\/\/polishcomposersofthe0148.live-website.com\/wp-content\/uploads\/2025\/01\/ezgif-5-63e03ea297.jpg&#8221; title_text=&#8221;ezgif-5-63e03ea297&#8243; _builder_version=&#8221;4.27.4&#8243; _module_preset=&#8221;default&#8221; width=&#8221;66.7%&#8221; min_height=&#8221;424.7px&#8221; custom_padding=&#8221;|0px|1px|0px||&#8221; global_colors_info=&#8221;{}&#8221;][\/et_pb_image][et_pb_text _builder_version=&#8221;4.27.4&#8243; _module_preset=&#8221;78e628bd-4da5-431b-8c94-70e92ccc95ef&#8221; text_text_color=&#8221;#fffcf7&#8243; text_font_size=&#8221;5px&#8221; header_2_text_color=&#8221;#FFFFFF&#8221; header_3_font=&#8221;Cormorant Garamond||||||||&#8221; width=&#8221;103.4%&#8221; custom_margin=&#8221;-22px|-17px||||&#8221; custom_padding=&#8221;|4px|14px|||&#8221; global_colors_info=&#8221;{}&#8221;]<\/p>\n<h3 style=\"text-align: left;\"><span style=\"font-size: medium;\">\u0179r\u00f3d\u0142o: \u201e<span>Stefani, J\u00f3zef Andrzej<\/span>\u201d, <span>Barbara Przybyszewska-Jarmi\u0144ska,<br \/><\/span>Polska Biblioteka Muzyczna<\/span><span style=\"font-size: medium;\"><br \/><\/span><\/h3>\n<p>[\/et_pb_text][\/et_pb_column][\/et_pb_row][\/et_pb_section]<\/p>","protected":false},"excerpt":{"rendered":"<p>J\u00f3zef Stefani (1800\u20131876) J\u00f3zef Andrzej Stefani (1800\u20131876) was a Polish composer, violinist, conductor, and educator. His musical education began under his father and continued with J\u00f3zef Elsner at the School of Music and Dramatic Arts, followed by studies at the Institute of Music and Declamation in Warsaw. He started his career as a chorister at [&hellip;]<\/p>","protected":false},"author":1,"featured_media":0,"parent":0,"menu_order":0,"comment_status":"closed","ping_status":"closed","template":"","meta":{"_et_pb_use_builder":"on","_et_pb_old_content":"","_et_gb_content_width":"","footnotes":""},"class_list":["post-245","page","type-page","status-publish","hentry"],"_links":{"self":[{"href":"https:\/\/polishcomposersof19c.com\/pl\/wp-json\/wp\/v2\/pages\/245","targetHints":{"allow":["GET"]}}],"collection":[{"href":"https:\/\/polishcomposersof19c.com\/pl\/wp-json\/wp\/v2\/pages"}],"about":[{"href":"https:\/\/polishcomposersof19c.com\/pl\/wp-json\/wp\/v2\/types\/page"}],"author":[{"embeddable":true,"href":"https:\/\/polishcomposersof19c.com\/pl\/wp-json\/wp\/v2\/users\/1"}],"replies":[{"embeddable":true,"href":"https:\/\/polishcomposersof19c.com\/pl\/wp-json\/wp\/v2\/comments?post=245"}],"version-history":[{"count":0,"href":"https:\/\/polishcomposersof19c.com\/pl\/wp-json\/wp\/v2\/pages\/245\/revisions"}],"wp:attachment":[{"href":"https:\/\/polishcomposersof19c.com\/pl\/wp-json\/wp\/v2\/media?parent=245"}],"curies":[{"name":"wp","href":"https:\/\/api.w.org\/{rel}","templated":true}]}}