{"id":279,"date":"2025-01-21T20:37:46","date_gmt":"2025-01-21T20:37:46","guid":{"rendered":"https:\/\/polishcomposersofthe0148.live-website.com\/?page_id=279"},"modified":"2025-02-14T20:56:16","modified_gmt":"2025-02-14T20:56:16","slug":"franciszek-lessel","status":"publish","type":"page","link":"https:\/\/polishcomposersof19c.com\/pl\/franciszek-lessel\/","title":{"rendered":"Franciszek Lessel"},"content":{"rendered":"<p>[et_pb_section fb_built=&#8221;1&#8243; admin_label=&#8221;About&#8221; _builder_version=&#8221;4.27.4&#8243; _module_preset=&#8221;default&#8221; background_color=&#8221;#fffcf7&#8243; background_image=&#8221;https:\/\/polishcomposersofthe0148.live-website.com\/wp-content\/uploads\/2025\/01\/49-2.png&#8221; collapsed=&#8221;on&#8221; global_colors_info=&#8221;{}&#8221;][et_pb_row column_structure=&#8221;1_2,1_2&#8243; _builder_version=&#8221;4.20.0&#8243; _module_preset=&#8221;default&#8221; custom_padding=&#8221;||0px||false|false&#8221; global_colors_info=&#8221;{}&#8221;][et_pb_column type=&#8221;1_2&#8243; _builder_version=&#8221;4.20.0&#8243; _module_preset=&#8221;default&#8221; global_colors_info=&#8221;{}&#8221;][et_pb_text _builder_version=&#8221;4.20.0&#8243; _module_preset=&#8221;78e628bd-4da5-431b-8c94-70e92ccc95ef&#8221; header_2_text_color=&#8221;#FFFFFF&#8221; width=&#8221;100%&#8221; custom_padding=&#8221;|0px||||&#8221; global_colors_info=&#8221;{}&#8221;]<\/p>\n<h2><span style=\"color: #381d2a;\">Franciszek Lessel <\/span><\/h2>\n<h2><span style=\"color: #381d2a;\">(1780\u20131838)<\/span><\/h2>\n<p>[\/et_pb_text][et_pb_text _builder_version=&#8221;4.27.4&#8243; _module_preset=&#8221;1b32a508-bed9-4043-b8e5-8175eda2df0c&#8221; text_text_color=&#8221;#FFFFFF&#8221; hover_enabled=&#8221;0&#8243; global_colors_info=&#8221;{}&#8221; sticky_enabled=&#8221;0&#8243;]<\/p>\n<div dir=\"auto\"><span style=\"color: #334e58;\">Franciszek Lessel urodzi\u0142 si\u0119 w 1780 roku w Warszawie lub Pu\u0142awach, w rodzinie Wincentego Lessla, kt\u00f3ry pe\u0142ni\u0142 funkcj\u0119 nadwornego muzyka na dworze ksi\u0105\u017c\u0105t Czartoryskich. W latach 1785\u20131799 Franciszek kszta\u0142ci\u0142 si\u0119 muzycznie pod kierunkiem swojego ojca. Prawdopodobnie sp\u0119dzi\u0142 ten czas w Po\u017cogu, gdzie r\u00f3wnocze\u015bnie ucz\u0119szcza\u0142 do szko\u0142y elementarnej.<\/span><\/div>\n<div dir=\"auto\">\n<div dir=\"auto\"><\/div>\n<div dir=\"auto\"><span style=\"color: #334e58;\">Przed 1799 rokiem Franciszek koncertowa\u0142 razem z Karolem Kurpi\u0144skim i Karolem Lipi\u0144skim w zespole kameralnym, kt\u00f3ry dzia\u0142a\u0142 w maj\u0105tku hrabiego \u0141\u0105czy\u0144skiego we Lwowie. W 1799 roku wyjecha\u0142 do Wiednia, gdzie mieszka\u0142 w pa\u0142acu El\u017cbiety Lubomirskiej z Czartoryskich. Podj\u0105\u0142 tam studia muzyczne pod kierunkiem takich mistrz\u00f3w jak Joseph Haydn, Antonio Salieri i Johann Georg Albrechtsberger. Prawdopodobnie studiowa\u0142 r\u00f3wnie\u017c medycyn\u0119. W tym czasie rozpocz\u0119\u0142a si\u0119 intensywna korespondencja mi\u0119dzy nim a jego ojcem.<\/span><\/div>\n<div dir=\"auto\"><\/div>\n<div dir=\"auto\"><span style=\"color: #334e58;\">Oko\u0142o roku 1800 stworzy\u0142 swoj\u0105 pierwsz\u0105 kompozycj\u0119 wokalno-instrumentaln\u0105 \u2013 Msz\u0119 C-dur. W tym samym czasie, pod kierunkiem Haydna, pracowa\u0142 nad kontrapunktem, korzystaj\u0105c z podr\u0119cznika \u201eElementarbuch der verschiedenen Gattungen des Contrapuncts\u201d. W tym samym roku skomponowa\u0142 3 duety koncertowe op. 1 oraz 3 sonaty na fortepian op. 2, dedykuj\u0105c je Haydnowi.<\/span><\/div>\n<div dir=\"auto\"><\/div>\n<div dir=\"auto\"><span style=\"color: #334e58;\">W latach 1803\u20131807 sp\u0119dza\u0142 letnie miesi\u0105ce w pa\u0142acu Lubomirskich w \u0141a\u0144cucie, pracuj\u0105c jako nadworny muzyk. W 1804 roku skomponowa\u0142 Grand Trio Es-dur op. 4 na fortepian, klarnet i r\u00f3g. Dwa lata p\u00f3\u017aniej powsta\u0142o Adagio et Rondeau \u00e0 la polonaise op. 9 na fortepian i orkiestr\u0119.<\/span><\/div>\n<div dir=\"auto\"><\/div>\n<div dir=\"auto\"><span style=\"color: #334e58;\">W 1810 roku Lessel koncertowa\u0142 w Warszawie, tworz\u0105c Koncert fortepianowy C-dur op. 14. W kolejnych latach dzia\u0142a\u0142 jako administrator w maj\u0105tku Gzik\u00f3w ko\u0142o Kalisza, gdzie zajmowa\u0142 si\u0119 r\u00f3wnie\u017c pisaniem utwor\u00f3w religijnych. Mi\u0119dzy innymi, w 1813 roku skomponowa\u0142 Msz\u0119 B-dur na cztery g\u0142osy solowe, ch\u00f3r i orkiestr\u0119.<\/span><\/div>\n<div dir=\"auto\"><\/div>\n<div dir=\"auto\"><span style=\"color: #334e58;\">Po roku 1816 Franciszek porzuci\u0142 koncertowanie na rzecz innych zaj\u0119\u0107. W 1817 roku zosta\u0142 jednym z siedmiu dyrektor\u00f3w Towarzystwa Amatorskiego Muzycznego w Warszawie. W 1819 roku Lessel uzyska\u0142 indygenat szlachecki i prawo do herbu Grabie. W tym samym roku urodzi\u0142a si\u0119 jego c\u00f3rka Marianna.<\/span><\/div>\n<div dir=\"auto\"><\/div>\n<div dir=\"auto\"><span style=\"color: #334e58;\">W 1832 roku, po konfiskacie d\u00f3br ksi\u0119\u017cnej Marii Wirtemberskiej, Lessel podj\u0105\u0142 prac\u0119 w maj\u0105tku Pop\u0142awskich w Pruszkowie. W kolejnych latach dzia\u0142a\u0142 jako inspektor i dyrygent zespo\u0142\u00f3w muzycznych. Zmar\u0142 w Piotrkowie Trybunalskim w 1838 roku. Jego cia\u0142o spocz\u0119\u0142o na cmentarzu w Ostro\u0142\u0119ce ko\u0142o Pilicy, niedaleko dawnych d\u00f3br pilickich.<\/span><\/div>\n<\/div>\n<div dir=\"auto\"><span style=\"color: #334e58;\"><\/span><\/div>\n<p>[\/et_pb_text][\/et_pb_column][et_pb_column type=&#8221;1_2&#8243; _builder_version=&#8221;4.20.0&#8243; _module_preset=&#8221;default&#8221; global_colors_info=&#8221;{}&#8221;][et_pb_image src=&#8221;https:\/\/polishcomposersofthe0148.live-website.com\/wp-content\/uploads\/2025\/01\/Franciszek_Lessel_77592.jpg&#8221; title_text=&#8221;Franciszek_Lessel_(77592)&#8221; align=&#8221;right&#8221; _builder_version=&#8221;4.27.4&#8243; _module_preset=&#8221;default&#8221; min_height=&#8221;375px&#8221; custom_margin=&#8221;|1px||||&#8221; custom_padding=&#8221;|0px||59px||&#8221; global_colors_info=&#8221;{}&#8221;][\/et_pb_image][et_pb_text _builder_version=&#8221;4.27.4&#8243; _module_preset=&#8221;78e628bd-4da5-431b-8c94-70e92ccc95ef&#8221; text_text_color=&#8221;#fffcf7&#8243; text_font_size=&#8221;5px&#8221; header_2_text_color=&#8221;#FFFFFF&#8221; header_3_font=&#8221;Cormorant Garamond||||||||&#8221; width=&#8221;103.4%&#8221; custom_margin=&#8221;-22px|-17px||||&#8221; custom_padding=&#8221;|98px|14px|98px||true&#8221; global_colors_info=&#8221;{}&#8221;]<\/p>\n<h3 style=\"text-align: right;\"><span style=\"font-size: medium;\">\u0179r\u00f3d\u0142o: \u201eK\u0142osy\u201d (1888, t. 46 nr 1188), Mazowiecka Biblioteka Cyfrowa<\/span><span style=\"font-size: medium;\">,, <\/span><span style=\"font-size: medium;\">Wikimedia commons<\/span><\/h3>\n<p>[\/et_pb_text][\/et_pb_column][\/et_pb_row][\/et_pb_section]<\/p>","protected":false},"excerpt":{"rendered":"<p>Franciszek Lessel (1780\u20131838)Franciszek Lessel was born in 1780 in Warsaw or Pu\u0142awy, into the family of Wincenty Lessel, who served as a court musician for the Czartoryski princes. Between 1785 and 1799, Franciszek received his musical education under his father&#8217;s guidance. He likely spent this time in Po\u017c\u00f3g, where he also attended elementary school. Before [&hellip;]<\/p>","protected":false},"author":1,"featured_media":0,"parent":0,"menu_order":0,"comment_status":"closed","ping_status":"closed","template":"","meta":{"_et_pb_use_builder":"on","_et_pb_old_content":"","_et_gb_content_width":"","footnotes":""},"class_list":["post-279","page","type-page","status-publish","hentry"],"_links":{"self":[{"href":"https:\/\/polishcomposersof19c.com\/pl\/wp-json\/wp\/v2\/pages\/279","targetHints":{"allow":["GET"]}}],"collection":[{"href":"https:\/\/polishcomposersof19c.com\/pl\/wp-json\/wp\/v2\/pages"}],"about":[{"href":"https:\/\/polishcomposersof19c.com\/pl\/wp-json\/wp\/v2\/types\/page"}],"author":[{"embeddable":true,"href":"https:\/\/polishcomposersof19c.com\/pl\/wp-json\/wp\/v2\/users\/1"}],"replies":[{"embeddable":true,"href":"https:\/\/polishcomposersof19c.com\/pl\/wp-json\/wp\/v2\/comments?post=279"}],"version-history":[{"count":0,"href":"https:\/\/polishcomposersof19c.com\/pl\/wp-json\/wp\/v2\/pages\/279\/revisions"}],"wp:attachment":[{"href":"https:\/\/polishcomposersof19c.com\/pl\/wp-json\/wp\/v2\/media?parent=279"}],"curies":[{"name":"wp","href":"https:\/\/api.w.org\/{rel}","templated":true}]}}