{"id":445,"date":"2025-01-24T08:45:21","date_gmt":"2025-01-24T08:45:21","guid":{"rendered":"https:\/\/polishcomposersofthe0148.live-website.com\/?page_id=445"},"modified":"2025-02-22T12:42:29","modified_gmt":"2025-02-22T12:42:29","slug":"karol-skarzynski","status":"publish","type":"page","link":"https:\/\/polishcomposersof19c.com\/pl\/karol-skarzynski\/","title":{"rendered":"Karol Skar\u017cy\u0144ski"},"content":{"rendered":"<p>[et_pb_section fb_built=&#8221;1&#8243; admin_label=&#8221;About&#8221; _builder_version=&#8221;4.27.4&#8243; _module_preset=&#8221;default&#8221; background_color=&#8221;#fffcf7&#8243; background_image=&#8221;https:\/\/polishcomposersofthe0148.live-website.com\/wp-content\/uploads\/2025\/01\/49-2.png&#8221; collapsed=&#8221;on&#8221; global_colors_info=&#8221;{}&#8221;][et_pb_row column_structure=&#8221;1_2,1_2&#8243; _builder_version=&#8221;4.20.0&#8243; _module_preset=&#8221;default&#8221; custom_padding=&#8221;||0px||false|false&#8221; global_colors_info=&#8221;{}&#8221;][et_pb_column type=&#8221;1_2&#8243; _builder_version=&#8221;4.20.0&#8243; _module_preset=&#8221;default&#8221; global_colors_info=&#8221;{}&#8221;][et_pb_text _builder_version=&#8221;4.20.0&#8243; _module_preset=&#8221;78e628bd-4da5-431b-8c94-70e92ccc95ef&#8221; header_2_text_color=&#8221;#FFFFFF&#8221; width=&#8221;100%&#8221; custom_padding=&#8221;|0px||||&#8221; global_colors_info=&#8221;{}&#8221;]<\/p>\n<h2 style=\"text-align: left;\"><span style=\"color: #381d2a;\"><span>Karol Skar\u017cy\u0144ski<\/span><\/span><\/h2>\n<h2 style=\"text-align: left;\"><span style=\"color: #381d2a;\"><span>(1875\u20131957)<\/span><\/span><\/h2>\n<p>[\/et_pb_text][et_pb_text _builder_version=&#8221;4.27.4&#8243; _module_preset=&#8221;1b32a508-bed9-4043-b8e5-8175eda2df0c&#8221; text_text_color=&#8221;#FFFFFF&#8221; hover_enabled=&#8221;0&#8243; global_colors_info=&#8221;{}&#8221; sticky_enabled=&#8221;0&#8243;]<\/p>\n<div dir=\"auto\"><span style=\"color: #334e58;\">Karol Skar\u017cy\u0144ski, wybitny wirtuoz wiolonczeli, urodzi\u0142 si\u0119 6 stycznia 1873 roku w Lipawie (dzisiaj tereny Estonii). Pochodzi\u0142 z rodziny duchownej o silnych tradycjach muzycznych. Jego matka by\u0142a pianistk\u0105 i \u015bpiewaczk\u0105, siostra Kazimiera by\u0142a solistk\u0105 operetki wile\u0144skiej, a brat zawodowym flecist\u0105. Pocz\u0105tkowo Skar\u017cy\u0144ski uczy\u0142 si\u0119 gry na skrzypcach i flecie, jednak w wieku szesnastu lat, zainspirowany gr\u0105 Aleksandra Wierzbi\u0142towicza, postanowi\u0142 po\u015bwi\u0119ci\u0107 si\u0119 wiolonczeli.<\/span><\/div>\n<div dir=\"auto\">\n<div dir=\"auto\"><\/div>\n<div dir=\"auto\"><span style=\"color: #334e58;\">Po uko\u0144czeniu szko\u0142y \u015bredniej w Wilnie w 1891 roku rozpocz\u0105\u0142 nauk\u0119 w Konserwatorium Warszawskim, gdzie kszta\u0142ci\u0142 si\u0119 pod kierunkiem Aleksandra Cinka w grze na wiolonczeli oraz studiowa\u0142 harmoni\u0119, kontrapunkt, kompozycj\u0119 i instrumentacj\u0119 u Gustawa Roguskiego i Zygmunta Noskowskiego.<\/span><\/div>\n<div dir=\"auto\"><\/div>\n<div dir=\"auto\"><span style=\"color: #334e58;\">Jeszcze jako student zosta\u0142 zaproszony przez profesora skrzypiec Stanis\u0142awa Barcewicza do udzia\u0142u w wyst\u0119pach jego kwartetu smyczkowego. P\u00f3\u017aniej, jako cz\u0142onek orkiestry Teatru Wielkiego w Warszawie, wsp\u00f3\u0142pracowa\u0142 z pierwszym wiolonczelist\u0105 zespo\u0142u, Boles\u0142awem Moniuszko. Nastepnie, zosta\u0142 profesorem Krakowskiego Konserwatorium oraz pierwszym wiolonczelist\u0105 Opery Krakowskiej.<\/span><\/div>\n<\/div>\n<div dir=\"auto\"><\/div>\n<p>[\/et_pb_text][et_pb_text _builder_version=&#8221;4.27.4&#8243; _module_preset=&#8221;78e628bd-4da5-431b-8c94-70e92ccc95ef&#8221; text_text_color=&#8221;#fffcf7&#8243; text_font_size=&#8221;5px&#8221; header_2_text_color=&#8221;#FFFFFF&#8221; header_3_font=&#8221;Cormorant Garamond||||||||&#8221; width=&#8221;103.4%&#8221; custom_margin=&#8221;-22px|-17px||||&#8221; custom_padding=&#8221;|4px|14px|||&#8221; global_colors_info=&#8221;{}&#8221;]<\/p>\n<h3 style=\"text-align: left;\"><span style=\"font-size: medium;\">\u0179r\u00f3d\u0142o<\/span><span style=\"font-size: medium;\">: <span>Krzysztof Sperski, Eufonium, Opis zbioru  \"Utwory Liryczne\"<\/span><\/span><\/h3>\n<p>[\/et_pb_text][\/et_pb_column][et_pb_column type=&#8221;1_2&#8243; _builder_version=&#8221;4.20.0&#8243; _module_preset=&#8221;default&#8221; global_colors_info=&#8221;{}&#8221;][et_pb_image src=&#8221;https:\/\/polishcomposersof19c.com\/wp-content\/uploads\/2025\/02\/Karol_Skarzynski_-1905.jpg&#8221; title_text=&#8221;Karol_Skar\u017cy\u0144ski_(-1905)&#8221; align=&#8221;right&#8221; _builder_version=&#8221;4.27.4&#8243; _module_preset=&#8221;default&#8221; min_height=&#8221;375px&#8221; custom_margin=&#8221;|1px||||&#8221; custom_padding=&#8221;|0px|0px|59px||&#8221; hover_enabled=&#8221;0&#8243; global_colors_info=&#8221;{}&#8221; alt=&#8221;Karol Skar\u017cy\u0144ski (-1905)&#8221; sticky_enabled=&#8221;0&#8243;][\/et_pb_image][et_pb_text _builder_version=&#8221;4.27.4&#8243; _module_preset=&#8221;78e628bd-4da5-431b-8c94-70e92ccc95ef&#8221; text_text_color=&#8221;#fffcf7&#8243; text_font_size=&#8221;5px&#8221; header_2_text_color=&#8221;#FFFFFF&#8221; header_3_font=&#8221;Cormorant Garamond||||||||&#8221; width=&#8221;103.4%&#8221; custom_margin=&#8221;-7px|-17px||||&#8221; custom_padding=&#8221;|4px|14px|||&#8221; global_colors_info=&#8221;{}&#8221;]<\/p>\n<h3 style=\"text-align: right;\"><span style=\"font-size: medium;\">\u0179r\u00f3d\u0142o<\/span><span style=\"font-size: medium;\">: Karol Skar\u017cy\u0144ski (-1905)\u00a0&#8220;Nowo\u015bci Illustrowane&#8221; 49\/1905 (https:\/\/jbc.bj.uj.edu.pl\/publication\/129112)<\/span><\/h3>\n<p>[\/et_pb_text][\/et_pb_column][\/et_pb_row][\/et_pb_section]<\/p>","protected":false},"excerpt":{"rendered":"<p>Karol Skar\u017cy\u0144ski (1875\u20131957)Karol Skar\u017cy\u0144ski, a distinguished virtuoso cellist, was born on January 6, 1873, in Lipawa (modern-day Liep\u0101ja, Estonia), He came from a clerical family with a strong musical background. His mother was a pianist and singer, his sister Kazimiera was a soloist with the Vilnius Operetta, and his brother pursued a career as a [&hellip;]<\/p>","protected":false},"author":1,"featured_media":0,"parent":0,"menu_order":0,"comment_status":"closed","ping_status":"closed","template":"","meta":{"_et_pb_use_builder":"on","_et_pb_old_content":"","_et_gb_content_width":"","footnotes":""},"class_list":["post-445","page","type-page","status-publish","hentry"],"_links":{"self":[{"href":"https:\/\/polishcomposersof19c.com\/pl\/wp-json\/wp\/v2\/pages\/445","targetHints":{"allow":["GET"]}}],"collection":[{"href":"https:\/\/polishcomposersof19c.com\/pl\/wp-json\/wp\/v2\/pages"}],"about":[{"href":"https:\/\/polishcomposersof19c.com\/pl\/wp-json\/wp\/v2\/types\/page"}],"author":[{"embeddable":true,"href":"https:\/\/polishcomposersof19c.com\/pl\/wp-json\/wp\/v2\/users\/1"}],"replies":[{"embeddable":true,"href":"https:\/\/polishcomposersof19c.com\/pl\/wp-json\/wp\/v2\/comments?post=445"}],"version-history":[{"count":0,"href":"https:\/\/polishcomposersof19c.com\/pl\/wp-json\/wp\/v2\/pages\/445\/revisions"}],"wp:attachment":[{"href":"https:\/\/polishcomposersof19c.com\/pl\/wp-json\/wp\/v2\/media?parent=445"}],"curies":[{"name":"wp","href":"https:\/\/api.w.org\/{rel}","templated":true}]}}