{"id":447,"date":"2025-01-24T08:48:35","date_gmt":"2025-01-24T08:48:35","guid":{"rendered":"https:\/\/polishcomposersofthe0148.live-website.com\/?page_id=447"},"modified":"2025-01-27T16:36:45","modified_gmt":"2025-01-27T16:36:45","slug":"jozef-stefani","status":"publish","type":"page","link":"https:\/\/polishcomposersof19c.com\/pl\/jozef-stefani\/","title":{"rendered":"J\u00f3zef Stefani"},"content":{"rendered":"<p>[et_pb_section fb_built=&#8221;1&#8243; admin_label=&#8221;About&#8221; _builder_version=&#8221;4.27.4&#8243; _module_preset=&#8221;default&#8221; background_color=&#8221;#fffcf7&#8243; background_image=&#8221;https:\/\/polishcomposersofthe0148.live-website.com\/wp-content\/uploads\/2025\/01\/47-1.png&#8221; collapsed=&#8221;on&#8221; global_colors_info=&#8221;{}&#8221;][et_pb_row column_structure=&#8221;1_2,1_2&#8243; _builder_version=&#8221;4.20.0&#8243; _module_preset=&#8221;default&#8221; custom_padding=&#8221;||0px||false|false&#8221; global_colors_info=&#8221;{}&#8221;][et_pb_column type=&#8221;1_2&#8243; _builder_version=&#8221;4.20.0&#8243; _module_preset=&#8221;default&#8221; global_colors_info=&#8221;{}&#8221;][et_pb_text _builder_version=&#8221;4.20.0&#8243; _module_preset=&#8221;78e628bd-4da5-431b-8c94-70e92ccc95ef&#8221; header_2_text_color=&#8221;#FFFFFF&#8221; width=&#8221;100%&#8221; custom_padding=&#8221;|0px||||&#8221; global_colors_info=&#8221;{}&#8221;]<\/p>\n<h2 style=\"text-align: left;\"><span style=\"color: #381d2a;\">J\u00f3zef Stefani (1800\u20131876)<\/span><\/h2>\n<p>[\/et_pb_text][et_pb_text _builder_version=&#8221;4.27.4&#8243; _module_preset=&#8221;1b32a508-bed9-4043-b8e5-8175eda2df0c&#8221; text_text_color=&#8221;#FFFFFF&#8221; global_colors_info=&#8221;{}&#8221;]<\/p>\n<div dir=\"auto\">\n<div dir=\"auto\"><span style=\"color: #334e58;\">J\u00f3zef Stefani (1800\u20131876) by\u0142 polskim kompozytorem, dyrygentem i pedagogiem muzycznym. By\u0142 zwi\u0105zany z teatrem muzycznym w Warszawie, gdzie pe\u0142ni\u0142 funkcj\u0119 dyrygenta oraz komponowa\u0142 muzyk\u0119 sceniczn\u0105, w tym opery i balety. Jego tw\u00f3rczo\u015b\u0107 wyr\u00f3\u017cnia\u0142a si\u0119 melodyjno\u015bci\u0105 i nawi\u0105zywa\u0142a do polskich tradycji ludowych, co przyczyni\u0142o si\u0119 do rozwoju narodowego stylu muzycznego. \u00a0\u00a0<\/span><\/div>\n<div dir=\"auto\"><\/div>\n<\/div>\n<div dir=\"auto\"><span style=\"color: #334e58;\">Opr\u00f3cz dzia\u0142alno\u015bci artystycznej Stefani zajmowa\u0142 si\u0119 edukacj\u0105, kszta\u0142c\u0105c m\u0142odych muzyk\u00f3w i wspieraj\u0105c rozw\u00f3j kultury muzycznej w Polsce.\u00a0\u00a0<\/span><\/div>\n<div dir=\"auto\"><\/div>\n<p>[\/et_pb_text][\/et_pb_column][et_pb_column type=&#8221;1_2&#8243; _builder_version=&#8221;4.20.0&#8243; _module_preset=&#8221;default&#8221; global_colors_info=&#8221;{}&#8221;][et_pb_image src=&#8221;https:\/\/polishcomposersofthe0148.live-website.com\/wp-content\/uploads\/2025\/01\/ezgif-5-63e03ea297.jpg&#8221; title_text=&#8221;ezgif-5-63e03ea297&#8243; _builder_version=&#8221;4.27.4&#8243; _module_preset=&#8221;default&#8221; width=&#8221;69.4%&#8221; min_height=&#8221;424.7px&#8221; custom_padding=&#8221;|0px|1px|0px||&#8221; global_colors_info=&#8221;{}&#8221;][\/et_pb_image][et_pb_text _builder_version=&#8221;4.27.4&#8243; _module_preset=&#8221;78e628bd-4da5-431b-8c94-70e92ccc95ef&#8221; text_text_color=&#8221;#fffcf7&#8243; text_font_size=&#8221;5px&#8221; header_2_text_color=&#8221;#FFFFFF&#8221; header_3_font=&#8221;Cormorant Garamond||||||||&#8221; width=&#8221;103.4%&#8221; custom_margin=&#8221;-22px|-17px||||&#8221; custom_padding=&#8221;|4px|14px|||&#8221; global_colors_info=&#8221;{}&#8221;]<\/p>\n<h3 style=\"text-align: left;\"><span style=\"font-size: medium;\">\u0179r\u00f3d\u0142o<\/span><span style=\"font-size: medium;\">: \u201e<span>Stefani, J\u00f3zef Andrzej<\/span>\u201d, <span>Barbara Przybyszewska-Jarmi\u0144ska,<br \/><\/span>Polska Biblioteka Muzyczna<\/span><span style=\"font-size: medium;\"><br \/><\/span><\/h3>\n<p>[\/et_pb_text][\/et_pb_column][\/et_pb_row][\/et_pb_section]<\/p>","protected":false},"excerpt":{"rendered":"<p>J\u00f3zef Stefani (1800\u20131876) J\u00f3zef Stefani (1800\u20131876) by\u0142 polskim kompozytorem, dyrygentem i pedagogiem muzycznym. By\u0142 zwi\u0105zany z teatrem muzycznym w Warszawie, gdzie pe\u0142ni\u0142 funkcj\u0119 dyrygenta oraz komponowa\u0142 muzyk\u0119 sceniczn\u0105, w tym opery i balety. Jego tw\u00f3rczo\u015b\u0107 wyr\u00f3\u017cnia\u0142a si\u0119 melodyjno\u015bci\u0105 i nawi\u0105zywa\u0142a do polskich tradycji ludowych, co przyczyni\u0142o si\u0119 do rozwoju narodowego stylu muzycznego. \u00a0\u00a0 Opr\u00f3cz dzia\u0142alno\u015bci [&hellip;]<\/p>","protected":false},"author":1,"featured_media":0,"parent":0,"menu_order":0,"comment_status":"closed","ping_status":"closed","template":"","meta":{"_et_pb_use_builder":"on","_et_pb_old_content":"","_et_gb_content_width":"","footnotes":""},"class_list":["post-447","page","type-page","status-publish","hentry"],"_links":{"self":[{"href":"https:\/\/polishcomposersof19c.com\/pl\/wp-json\/wp\/v2\/pages\/447","targetHints":{"allow":["GET"]}}],"collection":[{"href":"https:\/\/polishcomposersof19c.com\/pl\/wp-json\/wp\/v2\/pages"}],"about":[{"href":"https:\/\/polishcomposersof19c.com\/pl\/wp-json\/wp\/v2\/types\/page"}],"author":[{"embeddable":true,"href":"https:\/\/polishcomposersof19c.com\/pl\/wp-json\/wp\/v2\/users\/1"}],"replies":[{"embeddable":true,"href":"https:\/\/polishcomposersof19c.com\/pl\/wp-json\/wp\/v2\/comments?post=447"}],"version-history":[{"count":0,"href":"https:\/\/polishcomposersof19c.com\/pl\/wp-json\/wp\/v2\/pages\/447\/revisions"}],"wp:attachment":[{"href":"https:\/\/polishcomposersof19c.com\/pl\/wp-json\/wp\/v2\/media?parent=447"}],"curies":[{"name":"wp","href":"https:\/\/api.w.org\/{rel}","templated":true}]}}