{"id":556,"date":"2025-03-24T20:55:29","date_gmt":"2025-03-24T20:55:29","guid":{"rendered":"https:\/\/polishcomposersof19c.com\/?page_id=556"},"modified":"2025-03-24T21:11:15","modified_gmt":"2025-03-24T21:11:15","slug":"wojciech-albert-sowinski","status":"publish","type":"page","link":"https:\/\/polishcomposersof19c.com\/pl\/wojciech-albert-sowinski\/","title":{"rendered":"Wojciech Albert Sowi\u0144ski"},"content":{"rendered":"<p>[et_pb_section fb_built=&#8221;1&#8243; admin_label=&#8221;About&#8221; _builder_version=&#8221;4.27.4&#8243; _module_preset=&#8221;default&#8221; background_color=&#8221;#fffcf7&#8243; background_image=&#8221;https:\/\/polishcomposersof19c.com\/wp-content\/uploads\/2025\/01\/47-1.png&#8221; background_size=&#8221;contain&#8221; hover_enabled=&#8221;0&#8243; collapsed=&#8221;on&#8221; global_colors_info=&#8221;{}&#8221; theme_builder_area=&#8221;post_content&#8221; title_text=&#8221;47&#8243; sticky_enabled=&#8221;0&#8243;][et_pb_row column_structure=&#8221;1_2,1_2&#8243; _builder_version=&#8221;4.20.0&#8243; _module_preset=&#8221;default&#8221; custom_padding=&#8221;||0px||false|false&#8221; global_colors_info=&#8221;{}&#8221; theme_builder_area=&#8221;post_content&#8221;][et_pb_column type=&#8221;1_2&#8243; _builder_version=&#8221;4.20.0&#8243; _module_preset=&#8221;default&#8221; global_colors_info=&#8221;{}&#8221; theme_builder_area=&#8221;post_content&#8221;][et_pb_text _builder_version=&#8221;4.27.4&#8243; _module_preset=&#8221;78e628bd-4da5-431b-8c94-70e92ccc95ef&#8221; header_2_text_color=&#8221;#FFFFFF&#8221; width=&#8221;100%&#8221; custom_padding=&#8221;|0px||||&#8221; hover_enabled=&#8221;0&#8243; global_colors_info=&#8221;{}&#8221; theme_builder_area=&#8221;post_content&#8221; sticky_enabled=&#8221;0&#8243;]<\/p>\n<h2 style=\"text-align: left;\"><span style=\"color: #381d2a;\"><span>Wojciech Albert Sowi\u0144ski\u00a0<\/span><\/span><\/h2>\n<h2 style=\"text-align: left;\"><span style=\"color: #381d2a;\"><span>(1805\u20131880)<\/span><\/span><\/h2>\n<p>[\/et_pb_text][et_pb_text _builder_version=&#8221;4.27.4&#8243; _module_preset=&#8221;1b32a508-bed9-4043-b8e5-8175eda2df0c&#8221; text_text_color=&#8221;#FFFFFF&#8221; custom_margin=&#8221;||-11px|||&#8221; hover_enabled=&#8221;0&#8243; global_colors_info=&#8221;{}&#8221; theme_builder_area=&#8221;post_content&#8221; sticky_enabled=&#8221;0&#8243;]<\/p>\n<div dir=\"auto\">\n<div dir=\"auto\">\n<div dir=\"auto\">\n<div dir=\"auto\">\n<div dir=\"auto\"><span style=\"color: #334e58;\">Wojciech Albert Sowi\u0144ski urodzi\u0142 si\u0119 w 1805 roku w \u0141ukasz\u00f3wce na Podolu w rodzinie szlacheckiej o bogatych tradycjach patriotycznych i muzycznych. Jego pierwszym nauczycielem muzyki by\u0142 ojciec Sebastian, kt\u00f3ry pe\u0142ni\u0142 funkcj\u0119 kapelmistrza orkiestry wojskowej oraz kapeli Potockich w Tulczynie. W latach 1825\u20131827 Sowi\u0144ski kszta\u0142ci\u0142 si\u0119 w Wiedniu, gdzie pobiera\u0142 lekcje gry na fortepianie u Carla Czernego oraz studiowa\u0142 kompozycj\u0119 i harmoni\u0119 pod kierunkiem Adalberta Gyrowetza. Jako pianista zadebiutowa\u0142 w Wiedniu, wykonuj\u0105c koncert fortepianowy Johanna Nepomuka Hummla.<\/span><\/div>\n<div dir=\"auto\"><\/div>\n<div dir=\"auto\"><span style=\"color: #334e58;\">W 1828 roku wyjecha\u0142 do W\u0142och, gdzie koncertowa\u0142 w takich miastach jak Wenecja, Mediolan, Bolonia, Rzym i Neapol. Po kilku miesi\u0105cach osiad\u0142 na sta\u0142e w Pary\u017cu, gdzie prowadzi\u0142 aktywn\u0105 dzia\u0142alno\u015b\u0107 koncertow\u0105. Ceniony za swoj\u0105 b\u0142yskotliw\u0105 technik\u0119 i ekspresyjno\u015b\u0107 gry, wyst\u0119powa\u0142 g\u0142\u00f3wnie we Francji, a tak\u017ce odbywa\u0142 tourn\u00e9e po Anglii, Szkocji, Irlandii, Niemczech i Belgii. Wsp\u00f3\u0142pracowa\u0142 z wybitnymi muzykami tamtych czas\u00f3w, m.in. Felixem Mendelssohnem, Camille-Marie Stamatym i Georgem Osborne\u2019em, a tak\u017ce akompaniowa\u0142 Fryderykowi Chopinowi i Friedrichowi Kalkbrennerowi. By\u0142 r\u00f3wnie\u017c cenionym pedagogiem \u2013 uczy\u0142 gry na fortepianie w r\u00f3\u017cnych szko\u0142ach muzycznych, w tym u Francis-Davida Stoepela oraz w klasztorze panien de Oiseaux. Regularnie wsp\u00f3\u0142pracowa\u0142 z francusk\u0105 pras\u0105 muzyczn\u0105, zw\u0142aszcza z Revue et Gazette musicale de Paris. Jednym z jego najwa\u017cniejszych osi\u0105gni\u0119\u0107 literackich by\u0142 S\u0142ownik muzyk\u00f3w , kt\u00f3ry opublikowa\u0142 w 1857 roku w j\u0119zyku francuskim, a w 1874 roku w wersji polskiej. Zmar\u0142 3 marca 1880 roku w Pary\u017cu.<\/span><\/div>\n<div dir=\"auto\"><\/div>\n<div dir=\"auto\"><\/div>\n<\/div>\n<\/div>\n<\/div>\n<\/div>\n<p>[\/et_pb_text][et_pb_text _builder_version=&#8221;4.27.4&#8243; _module_preset=&#8221;78e628bd-4da5-431b-8c94-70e92ccc95ef&#8221; text_text_color=&#8221;#fffcf7&#8243; text_font_size=&#8221;5px&#8221; header_2_text_color=&#8221;#FFFFFF&#8221; header_3_font=&#8221;Cormorant Garamond||||||||&#8221; width=&#8221;103.4%&#8221; custom_margin=&#8221;3px|-17px|20px|||&#8221; custom_padding=&#8221;20px|4px|0px|||&#8221; global_colors_info=&#8221;{}&#8221; theme_builder_area=&#8221;post_content&#8221;]<\/p>\n<h3 style=\"text-align: left;\"><span style=\"font-size: x-large;\">Tw\u00f3rczo\u015b\u0107 kompozytorska<\/span><\/h3>\n<p>[\/et_pb_text][et_pb_text _builder_version=&#8221;4.27.4&#8243; _module_preset=&#8221;1b32a508-bed9-4043-b8e5-8175eda2df0c&#8221; text_text_color=&#8221;#FFFFFF&#8221; custom_margin=&#8221;-24px||-11px|||&#8221; hover_enabled=&#8221;0&#8243; global_colors_info=&#8221;{}&#8221; theme_builder_area=&#8221;post_content&#8221; sticky_enabled=&#8221;0&#8243; custom_padding=&#8221;0px|||||&#8221;]<\/p>\n<div dir=\"auto\">\n<div dir=\"auto\">\n<div dir=\"auto\">\n<div dir=\"auto\">\n<div dir=\"auto\"><span style=\"color: #334e58;\"><\/span><\/div>\n<div dir=\"auto\"><\/div>\n<div dir=\"auto\"><span style=\"color: #334e58; font-size: 16px;\">Dorobek Sowi\u0144skiego obejmuje ponad 120 opus\u00f3w, w tym liczne utwory fortepianowe, symfoniczne, ch\u00f3ralne oraz kameralne. Sk\u0142adaj\u0105 si\u0119 na niego m.in. symfonie, uwertury, dwa koncerty fortepianowe, msze, motety, Oratorium o \u015bw. Wojciechu, sze\u015b\u0107 fantazji na skrzypce i fortepian, jedna fantazja na flet i fortepian, Trio b-moll op. 76, Kwintet E-dur op. 87 oraz Nonet fis-moll op. 107.<\/span><\/div>\n<div dir=\"auto\"><\/div>\n<div dir=\"auto\"><span style=\"color: #334e58;\">Okres 1795\u20131918 by\u0142 dla polskich artyst\u00f3w szczeg\u00f3lnie trudny ze wzgl\u0119du na rozbiory i utrat\u0119 niepodleg\u0142o\u015bci. W tym czasie muzyka sta\u0142a si\u0119 istotnym narz\u0119dziem podtrzymywania to\u017csamo\u015bci narodowej. Kompozytorzy, inspirowani zar\u00f3wno zmianami estetycznymi na prze\u0142omie klasycyzmu i romantyzmu, jak i patriotycznymi nastrojami, tworzyli dzie\u0142a o charakterystycznym, polskim brzmieniu. Najbardziej znanymi tw\u00f3rcami tego okresu byli Fryderyk Chopin i Stanis\u0142aw Moniuszko, jednak na scenie muzycznej dzia\u0142a\u0142o tak\u017ce wielu innych kompozytor\u00f3w, kt\u00f3rych utwory, cho\u0107 warto\u015bciowe, cz\u0119sto popada\u0142y w zapomnienie. Jednym z nich by\u0142 Sowi\u0144ski, a jego Kwintet E-dur op. 87 stanowi przyk\u0142ad wysokiej jako\u015bci polskiej muzyki kameralnej XIX wieku.<\/span><\/div>\n<\/div>\n<\/div>\n<\/div>\n<\/div>\n<p>[\/et_pb_text][\/et_pb_column][et_pb_column type=&#8221;1_2&#8243; _builder_version=&#8221;4.20.0&#8243; _module_preset=&#8221;default&#8221; global_colors_info=&#8221;{}&#8221; theme_builder_area=&#8221;post_content&#8221;][et_pb_image src=&#8221;https:\/\/polishcomposersof19c.com\/wp-content\/uploads\/2025\/03\/YNK1063642_Wojciech-Albert-Sowinski-pianist-composer-music-publicist.jpg&#8221; alt=&#8221;Karol Skar\u017cy\u0144ski (-1905)&#8221; title_text=&#8221;YNK1063642_Wojciech-Albert-Sowi\u0144ski-pianist-composer-music-publicist&#8221; align=&#8221;center&#8221; _builder_version=&#8221;4.27.4&#8243; _module_preset=&#8221;default&#8221; width=&#8221;69.3%&#8221; width_tablet=&#8221;69.3%&#8221; width_phone=&#8221;69.3%&#8221; width_last_edited=&#8221;on|phone&#8221; min_height=&#8221;102.6px&#8221; min_height_tablet=&#8221;102.6px&#8221; min_height_phone=&#8221;102.6px&#8221; min_height_last_edited=&#8221;on|phone&#8221; custom_padding=&#8221;0px|0px|0px|0px|false|false&#8221; hover_enabled=&#8221;0&#8243; global_colors_info=&#8221;{}&#8221; theme_builder_area=&#8221;post_content&#8221; sticky_enabled=&#8221;0&#8243;][\/et_pb_image][et_pb_text _builder_version=&#8221;4.27.4&#8243; _module_preset=&#8221;78e628bd-4da5-431b-8c94-70e92ccc95ef&#8221; text_text_color=&#8221;#fffcf7&#8243; text_font_size=&#8221;5px&#8221; header_2_text_color=&#8221;#FFFFFF&#8221; header_3_font=&#8221;Cormorant Garamond||||||||&#8221; width=&#8221;103.4%&#8221; custom_margin=&#8221;-22px|-17px||||&#8221; custom_padding=&#8221;|4px|8px|||&#8221; hover_enabled=&#8221;0&#8243; global_colors_info=&#8221;{}&#8221; theme_builder_area=&#8221;post_content&#8221; sticky_enabled=&#8221;0&#8243;]<\/p>\n<h3 style=\"text-align: left;\"><span style=\"font-size: medium;\">\u0179r\u00f3d\u0142o<\/span><span style=\"font-size: medium;\">Sowi\u0144ski, Wojciech - Polska Biblioteka Muzyczna <\/span><span style=\"font-size: medium;\">(https:\/\/polskabibliotekamuzyczna.pl\/encyklopedia\/sowinski-wojciech\/)<\/span><span style=\"font-size: medium;\"><\/span><\/h3>\n<p>[\/et_pb_text][\/et_pb_column][\/et_pb_row][\/et_pb_section]<\/p>","protected":false},"excerpt":{"rendered":"<p>Wojciech Albert Sowi\u0144ski\u00a0 (1805\u20131880) Wojciech Albert Sowi\u0144ski was born in 1805 in \u0141ukasz\u00f3wka, Podolia, into a noble family with strong patriotic and musical traditions. His first music teacher was his father, Sebastian, a military orchestra conductor and leader of the Potocki family\u2019s chapel in Tulczyn. Between 1825 and 1827, Sowi\u0144ski studied in Vienna, taking piano [&hellip;]<\/p>","protected":false},"author":1,"featured_media":0,"parent":0,"menu_order":0,"comment_status":"closed","ping_status":"closed","template":"","meta":{"_et_pb_use_builder":"on","_et_pb_old_content":"","_et_gb_content_width":"","footnotes":""},"class_list":["post-556","page","type-page","status-publish","hentry"],"_links":{"self":[{"href":"https:\/\/polishcomposersof19c.com\/pl\/wp-json\/wp\/v2\/pages\/556","targetHints":{"allow":["GET"]}}],"collection":[{"href":"https:\/\/polishcomposersof19c.com\/pl\/wp-json\/wp\/v2\/pages"}],"about":[{"href":"https:\/\/polishcomposersof19c.com\/pl\/wp-json\/wp\/v2\/types\/page"}],"author":[{"embeddable":true,"href":"https:\/\/polishcomposersof19c.com\/pl\/wp-json\/wp\/v2\/users\/1"}],"replies":[{"embeddable":true,"href":"https:\/\/polishcomposersof19c.com\/pl\/wp-json\/wp\/v2\/comments?post=556"}],"version-history":[{"count":0,"href":"https:\/\/polishcomposersof19c.com\/pl\/wp-json\/wp\/v2\/pages\/556\/revisions"}],"wp:attachment":[{"href":"https:\/\/polishcomposersof19c.com\/pl\/wp-json\/wp\/v2\/media?parent=556"}],"curies":[{"name":"wp","href":"https:\/\/api.w.org\/{rel}","templated":true}]}}