{"id":579,"date":"2025-03-24T21:21:47","date_gmt":"2025-03-24T21:21:47","guid":{"rendered":"https:\/\/polishcomposersof19c.com\/?page_id=579"},"modified":"2025-03-24T21:40:56","modified_gmt":"2025-03-24T21:40:56","slug":"jozef-wladyslaw-krogulski","status":"publish","type":"page","link":"https:\/\/polishcomposersof19c.com\/pl\/jozef-wladyslaw-krogulski\/","title":{"rendered":"J\u00f3zef W\u0142adys\u0142aw Krogulski"},"content":{"rendered":"<p>[et_pb_section fb_built=&#8221;1&#8243; admin_label=&#8221;About&#8221; _builder_version=&#8221;4.27.4&#8243; _module_preset=&#8221;default&#8221; background_color=&#8221;#fffcf7&#8243; background_image=&#8221;https:\/\/polishcomposersof19c.com\/wp-content\/uploads\/2025\/01\/45-1.png&#8221; hover_enabled=&#8221;0&#8243; collapsed=&#8221;on&#8221; global_colors_info=&#8221;{}&#8221; theme_builder_area=&#8221;post_content&#8221; title_text=&#8221;45&#8243; sticky_enabled=&#8221;0&#8243; background_size=&#8221;initial&#8221; background_position=&#8221;top_center&#8221;][et_pb_row column_structure=&#8221;1_2,1_2&#8243; _builder_version=&#8221;4.20.0&#8243; _module_preset=&#8221;default&#8221; custom_padding=&#8221;||0px||false|false&#8221; global_colors_info=&#8221;{}&#8221; theme_builder_area=&#8221;post_content&#8221;][et_pb_column type=&#8221;1_2&#8243; _builder_version=&#8221;4.20.0&#8243; _module_preset=&#8221;default&#8221; global_colors_info=&#8221;{}&#8221; theme_builder_area=&#8221;post_content&#8221;][et_pb_text _builder_version=&#8221;4.20.0&#8243; _module_preset=&#8221;78e628bd-4da5-431b-8c94-70e92ccc95ef&#8221; header_2_text_color=&#8221;#FFFFFF&#8221; width=&#8221;100%&#8221; custom_padding=&#8221;|0px||||&#8221; hover_enabled=&#8221;0&#8243; global_colors_info=&#8221;{}&#8221; theme_builder_area=&#8221;post_content&#8221; sticky_enabled=&#8221;0&#8243;]<\/p>\n<h2><span style=\"color: #381d2a;\"><span>J\u00f3zef W\u0142adys\u0142aw Krogulski (1815\u20131842)<\/span><\/span><\/h2>\n<p>[\/et_pb_text][et_pb_text _builder_version=&#8221;4.27.4&#8243; _module_preset=&#8221;1b32a508-bed9-4043-b8e5-8175eda2df0c&#8221; text_text_color=&#8221;#FFFFFF&#8221; hover_enabled=&#8221;0&#8243; global_colors_info=&#8221;{}&#8221; theme_builder_area=&#8221;post_content&#8221; sticky_enabled=&#8221;0&#8243;]<\/p>\n<div dir=\"auto\"><span style=\"color: #334e58;\">\u00a0J\u00f3zef W\u0142adys\u0142aw Krogulski urodzi\u0142 si\u0119 w Tarnowie w rodzinie o silnych tradycjach muzycznych. Jego ojciec, Micha\u0142 Krogulski, by\u0142 pianist\u0105, organist\u0105 i pedagogiem, kt\u00f3ry jako pierwszy wprowadzi\u0142 syna w \u015bwiat muzyki. Ju\u017c w dzieci\u0144stwie J\u00f3zef koncertowa\u0142 publicznie, a w wieku dziewi\u0119ciu lat wykona\u0142 Koncert a-moll Johanna Nepomuka Hummla, co odnotowa\u0142a prasa warszawska. Wkr\u00f3tce wraz z rodzin\u0105 przeni\u00f3s\u0142 si\u0119 do Warszawy, gdzie rozpocz\u0105\u0142 wyst\u0119py w salonach muzycznych oraz w Konserwatorium Muzycznym. Latem 1825 roku wyruszy\u0142 w tourn\u00e9e koncertowe przez Wielkopolsk\u0119, \u015al\u0105sk, Berlin i Drezno, gdzie wyst\u0119powa\u0142 przed kr\u00f3lem Saksonii Fryderykiem Augustem I. Koncertowa\u0142 tak\u017ce w Lipsku i Weimarze, gdzie przez pewien czas pobiera\u0142 lekcje u Hummla.<\/span><\/div>\n<div dir=\"auto\">\n<div dir=\"auto\"><\/div>\n<div dir=\"auto\"><span style=\"color: #334e58;\">Po powrocie do Warszawy w 1826 roku kontynuowa\u0142 intensywn\u0105 dzia\u0142alno\u015b\u0107 koncertow\u0105, wyst\u0119puj\u0105c m.in. w Lublinie, Zamo\u015bciu, Lwowie i Kijowie. W 1828 roku osiad\u0142 na sta\u0142e w Warszawie i rozpocz\u0105\u0142 studia w Szkole G\u0142\u00f3wnej Muzyki. Pocz\u0105tkowo kszta\u0142ci\u0142 si\u0119 w zakresie genera\u0142basu u Karola Kurpi\u0144skiego, a nast\u0119pnie kompozycji u J\u00f3zefa Elsnera. W tym okresie powsta\u0142y jego pierwsze dojrza\u0142e utwory, publikowane przez warszawskich wydawc\u00f3w. Do najwa\u017cniejszych nale\u017c\u0105 Fantazja i wariacje g-moll \u201eLa bella Cracovienna\u201d op. 1, Kwartet D-dur op. 2, II Sonata fortepianowa a-moll op. 3 oraz dwa koncerty fortepianowe.<\/span><\/div>\n<div dir=\"auto\"><\/div>\n<div dir=\"auto\"><span style=\"color: #334e58;\">Po wybuchu powstania listopadowego Krogulski zaanga\u017cowa\u0142 si\u0119 w dzia\u0142alno\u015b\u0107 patriotyczn\u0105. Na koncercie 15 grudnia 1830 roku w Teatrze Narodowym wykona\u0142 swoje utwory, a w kolejnych miesi\u0105cach skomponowa\u0142 *Mazura wojennego, Marsz narodowy oraz Batali\u0119 \u2013 wi\u0105zank\u0119 pie\u015bni patriotycznych na fortepian.<\/span><\/div>\n<div dir=\"auto\"><\/div>\n<div dir=\"auto\"><span style=\"color: #334e58;\">Po rozwi\u0105zaniu Szko\u0142y G\u0142\u00f3wnej Muzyki w 1831 roku, aby zapewni\u0107 sobie \u015brodki na dalsze studia u Elsnera, udziela\u0142 prywatnych lekcji fortepianu. W 1832 roku za\u0142o\u017cy\u0142 bezp\u0142atn\u0105 szko\u0142\u0119 \u015bpiewu przy Instytucie \u015bw. Kazimierza na Tamce, a od 1836 roku prowadzi\u0142 w\u0142asny ch\u00f3r przy ko\u015bciele oo. Pijar\u00f3w. Jego dzia\u0142alno\u015b\u0107 ch\u00f3ralna obejmowa\u0142a wykonania mszy, hymn\u00f3w i kantat, przy udziale zar\u00f3wno amator\u00f3w, jak i zawodowych \u015bpiewak\u00f3w opery warszawskiej. Wkr\u00f3tce otworzy\u0142 kolejn\u0105 bezp\u0142atn\u0105 szko\u0142\u0119 dla \u015bpiewak\u00f3w ch\u00f3ru pijarskiego, kt\u00f3rej absolwenci, tacy jak Ignacy Marceli Komorowski i Maurycy Karasowski, zak\u0142adali p\u00f3\u017aniej w\u0142asne szko\u0142y muzyczne.<\/span><\/div>\n<div dir=\"auto\"><\/div>\n<div dir=\"auto\"><span style=\"color: #334e58;\">Opr\u00f3cz tw\u00f3rczo\u015bci sakralnej Krogulski komponowa\u0142 r\u00f3wnie\u017c muzyk\u0119 \u015bwieck\u0105, wsp\u00f3\u0142pracuj\u0105c z warszawsk\u0105 Resurs\u0105 Kupieck\u0105, dla kt\u00f3rej wyst\u0119powa\u0142 i tworzy\u0142 nowe utwory. By\u0142 tak\u017ce aktywnie zaanga\u017cowany w dzia\u0142alno\u015b\u0107 organizacji wspieraj\u0105cej muzyk\u00f3w, za\u0142o\u017conej w 1837 roku przez J\u00f3zefa Cichockiego. 17 stycznia 1838 roku po\u015blubi\u0142 Ludwik\u0119 Katarzyn\u0119 Gargulsk\u0105, jednak obie ich c\u00f3rki zmar\u0142y w niemowl\u0119ctwie.<\/span><\/div>\n<div dir=\"auto\"><\/div>\n<div dir=\"auto\"><span style=\"color: #334e58;\">Kulminacyjnym dzie\u0142em sakralnym Krogulskiego by\u0142o Oratorium na Wielki Pi\u0105tek \u201eMiserere\u201d, uko\u0144czone w kwietniu 1841 roku. Wyniszczony chorob\u0105, wkr\u00f3tce po uko\u0144czeniu dzie\u0142a wyzna\u0142 swojemu przyjacielowi: \u201eSpe\u0142ni\u0142em moje przedsi\u0119wzi\u0119cie, teraz umr\u0119 spokojnie\u201d. Zmar\u0142 9 stycznia 1842 roku w Warszawie, a jego gr\u00f3b na Pow\u0105zkach zachowa\u0142 si\u0119 do dzi\u015b.<\/span><\/div>\n<div dir=\"auto\"><\/div>\n<div dir=\"auto\"><span style=\"color: #334e58;\">Tw\u00f3rczo\u015b\u0107 Krogulskiego obejmuje oko\u0142o stu kompozycji religijnych i \u015bwieckich, z kt\u00f3rych ponad trzydzie\u015bci wydano za jego \u017cycia. R\u0119kopisy jego utwor\u00f3w przechowywane s\u0105 m.in. w Bibliotece Jagiello\u0144skiej, Bibliotece Narodowej i Miejskiej Bibliotece Publicznej w Tarnowie.<\/span><\/div>\n<div dir=\"auto\"><\/div>\n<div dir=\"auto\"><\/div>\n<\/div>\n<div dir=\"auto\"><\/div>\n<p>[\/et_pb_text][et_pb_text _builder_version=&#8221;4.27.4&#8243; _module_preset=&#8221;78e628bd-4da5-431b-8c94-70e92ccc95ef&#8221; text_text_color=&#8221;#fffcf7&#8243; text_font_size=&#8221;5px&#8221; header_2_text_color=&#8221;#FFFFFF&#8221; header_3_font=&#8221;Cormorant Garamond||||||||&#8221; width=&#8221;103.4%&#8221; custom_margin=&#8221;-22px|-17px||||&#8221; custom_padding=&#8221;0px|4px|14px|||&#8221; hover_enabled=&#8221;0&#8243; global_colors_info=&#8221;{}&#8221; theme_builder_area=&#8221;post_content&#8221; sticky_enabled=&#8221;0&#8243;]<\/p>\n<h3 style=\"text-align: left;\"><span style=\"font-size: large;\">Na podstawie biogramu zamieszczonego na stronie <span style=\"text-decoration: underline;\">portalmuzykipolskiej.pl<\/span>. autorstwa<\/span><br \/><span style=\"font-size: large;\">Mariusza Les\u0142awa Krogulskiego<\/span><\/h3>\n<p>[\/et_pb_text][\/et_pb_column][et_pb_column type=&#8221;1_2&#8243; _builder_version=&#8221;4.20.0&#8243; _module_preset=&#8221;default&#8221; global_colors_info=&#8221;{}&#8221; theme_builder_area=&#8221;post_content&#8221;][et_pb_image src=&#8221;https:\/\/polishcomposersof19c.com\/wp-content\/uploads\/2025\/03\/images.jpeg&#8221; alt=&#8221;Lithograph based on a portrait by Maria Szymanowska by Jozef Oleszkiewicz, 1825. Print from the collection of Bibliotheque Polonaise in Paris.&#8221; title_text=&#8221;images&#8221; _builder_version=&#8221;4.27.4&#8243; _module_preset=&#8221;default&#8221; min_height=&#8221;326.7px&#8221; custom_margin=&#8221;2px|||||&#8221; custom_padding=&#8221;|3px|2px|4px||&#8221; hover_enabled=&#8221;0&#8243; global_colors_info=&#8221;{}&#8221; theme_builder_area=&#8221;post_content&#8221; sticky_enabled=&#8221;0&#8243;][\/et_pb_image][et_pb_text _builder_version=&#8221;4.27.4&#8243; _module_preset=&#8221;78e628bd-4da5-431b-8c94-70e92ccc95ef&#8221; text_text_color=&#8221;#fffcf7&#8243; text_font_size=&#8221;5px&#8221; header_2_text_color=&#8221;#FFFFFF&#8221; header_3_font=&#8221;Cormorant Garamond||||||||&#8221; width=&#8221;103.4%&#8221; custom_margin=&#8221;-22px|-17px||||&#8221; custom_padding=&#8221;0px|4px|14px|||&#8221; global_colors_info=&#8221;{}&#8221; theme_builder_area=&#8221;post_content&#8221;]<\/p>\n<h3 style=\"text-align: left;\"><span style=\"font-size: medium;\">\u0179r\u00f3d\u0142o<\/span><span style=\"font-size: medium;\">: <span>Portrait of J\u00f3zef W\u0142adys\u0142aw Krogulski by Marcin W\u0142adyka based on lithography by Juliusz Volmar Fleck &amp; Co., ca 1850, from the collection of the National Library in Warsaw \/ Polona, in the public domain<\/span><\/span><\/h3>\n<p>[\/et_pb_text][\/et_pb_column][\/et_pb_row][\/et_pb_section]<\/p>","protected":false},"excerpt":{"rendered":"<p>J\u00f3zef W\u0142adys\u0142aw Krogulski (1815\u20131842)\u00a0J\u00f3zef W\u0142adys\u0142aw Krogulski was born in Tarn\u00f3w into a family with strong musical traditions. His father, Micha\u0142 Krogulski, was a pianist, organist, and teacher who first introduced him to music. From an early age, J\u00f3zef performed publicly, and at the age of nine, he played Johann Nepomuk Hummel\u2019s Concerto in A minor, [&hellip;]<\/p>","protected":false},"author":1,"featured_media":0,"parent":0,"menu_order":0,"comment_status":"closed","ping_status":"closed","template":"","meta":{"_et_pb_use_builder":"on","_et_pb_old_content":"","_et_gb_content_width":"","footnotes":""},"class_list":["post-579","page","type-page","status-publish","hentry"],"_links":{"self":[{"href":"https:\/\/polishcomposersof19c.com\/pl\/wp-json\/wp\/v2\/pages\/579","targetHints":{"allow":["GET"]}}],"collection":[{"href":"https:\/\/polishcomposersof19c.com\/pl\/wp-json\/wp\/v2\/pages"}],"about":[{"href":"https:\/\/polishcomposersof19c.com\/pl\/wp-json\/wp\/v2\/types\/page"}],"author":[{"embeddable":true,"href":"https:\/\/polishcomposersof19c.com\/pl\/wp-json\/wp\/v2\/users\/1"}],"replies":[{"embeddable":true,"href":"https:\/\/polishcomposersof19c.com\/pl\/wp-json\/wp\/v2\/comments?post=579"}],"version-history":[{"count":0,"href":"https:\/\/polishcomposersof19c.com\/pl\/wp-json\/wp\/v2\/pages\/579\/revisions"}],"wp:attachment":[{"href":"https:\/\/polishcomposersof19c.com\/pl\/wp-json\/wp\/v2\/media?parent=579"}],"curies":[{"name":"wp","href":"https:\/\/api.w.org\/{rel}","templated":true}]}}