{"id":61,"date":"2025-01-19T12:44:40","date_gmt":"2025-01-19T12:44:40","guid":{"rendered":"https:\/\/polishcomposersofthe0148.live-website.com\/?page_id=61"},"modified":"2025-12-02T11:32:40","modified_gmt":"2025-12-02T11:32:40","slug":"about-2","status":"publish","type":"page","link":"https:\/\/polishcomposersof19c.com\/pl\/about-2\/","title":{"rendered":"O\u00a0Projekcie"},"content":{"rendered":"<p>[et_pb_section fb_built=&#8221;1&#8243; admin_label=&#8221;Call to Action&#8221; _builder_version=&#8221;4.27.4&#8243; _module_preset=&#8221;default&#8221; background_image=&#8221;https:\/\/polishcomposersofthe0148.live-website.com\/wp-content\/uploads\/2025\/01\/eilis-garvey-pwkWUfaUoqc-unsplash-scaled.jpg&#8221; background_video_mp4=&#8221;https:\/\/polishcomposersofthe0148.live-website.com\/wp-content\/uploads\/2025\/01\/videoplayback.mp4&#8243; custom_padding=&#8221;9vw||9vw||true|false&#8221; background_last_edited=&#8221;off|desktop&#8221; background_position_tablet=&#8221;center&#8221; background_position_phone=&#8221;center&#8221; collapsed=&#8221;on&#8221; global_colors_info=&#8221;{}&#8221;][et_pb_row custom_padding_last_edited=&#8221;on|tablet&#8221; _builder_version=&#8221;4.20.0&#8243; _module_preset=&#8221;default&#8221; custom_padding=&#8221;|50px||50px|false|true&#8221; custom_padding_tablet=&#8221;|8%||8%|false|true&#8221; custom_padding_phone=&#8221;||||false|false&#8221; global_colors_info=&#8221;{}&#8221;][et_pb_column type=&#8221;4_4&#8243; _builder_version=&#8221;4.20.0&#8243; _module_preset=&#8221;default&#8221; global_colors_info=&#8221;{}&#8221;][et_pb_text _builder_version=&#8221;4.20.0&#8243; _module_preset=&#8221;78e628bd-4da5-431b-8c94-70e92ccc95ef&#8221; text_orientation=&#8221;center&#8221; custom_margin=&#8221;||10px||false|false&#8221; global_colors_info=&#8221;{}&#8221;]<\/p>\n<h2><span style=\"color: #fffcfa;\">O projekcie<\/span><\/h2>\n<p>[\/et_pb_text][et_pb_text _builder_version=&#8221;4.20.0&#8243; _module_preset=&#8221;bcbc0a62-216d-49b7-9246-f841dcb08939&#8243; text_orientation=&#8221;center&#8221; global_colors_info=&#8221;{}&#8221;]<\/p>\n<div dir=\"auto\"><span style=\"color: #fffcf7;\">Projekt stypendialny, realizowany przez Matyld\u0119 Adamus, po\u015bwi\u0119cony jest muzyce kameralnej polskich kompozytor\u00f3w XIX wieku. Jego celem jest popularyzacja ma\u0142o znanego repertuaru, edukacja w zakresie historii muzyki i historii Polski oraz prezentacja estetyki epoki romantyzmu. Strona projektu \u0142\u0105czy informacje o koncertach z tre\u015bciami edukacyjnymi, kt\u00f3re przybli\u017caj\u0105 kontekst kulturowy i artystyczny tej wyj\u0105tkowej muzyki.\u00a0\u00a0<\/span><span style=\"color: #fffcf7;\">\u00a0<\/span><\/div>\n<div dir=\"auto\"><span style=\"color: #fffcf7;\"><\/span><\/div>\n<div dir=\"auto\"><span style=\"color: #fffcf7;\"><\/span><\/div>\n<div dir=\"auto\"><\/div>\n<p>[\/et_pb_text][et_pb_text _builder_version=&#8221;4.20.0&#8243; _module_preset=&#8221;bcbc0a62-216d-49b7-9246-f841dcb08939&#8243; text_orientation=&#8221;center&#8221; global_colors_info=&#8221;{}&#8221;]<\/p>\n<div dir=\"auto\"><span style=\"color: #fffcf7;\"><\/span><\/div>\n<div dir=\"auto\"><span style=\"color: #fffcf7;\"><\/span><\/div>\n<div dir=\"auto\"><\/div>\n<div dir=\"auto\"><span style=\"color: #fffcf7;\">Matylda Adamus to wiolonczelistka specjalizuj\u0105ca si\u0119 w wykonawstwie historycznym (HIP). Wsp\u00f3\u0142pracuje z zespo\u0142ami takimi jak Le Concert des Nations, Arte dei Suonatori i Orchestra des Champs-\u00c9lys\u00e9es. Jej kariera solistyczna obejmuje m.in. wykonanie Potr\u00f3jnego Koncertu Beethovena z Orkiestr\u0105 XVIII Wieku w 2022 roku. Szczeg\u00f3ln\u0105 uwag\u0119 po\u015bwi\u0119ca muzyce kameralnej \u2013 prezentowa\u0142a repertuar z XIX wieku na festiwalach takich jak Misteria Paschalia czy Utrecht Oude Muziek.\u00a0\u00a0<\/span><\/div>\n<p>[\/et_pb_text][et_pb_text _builder_version=&#8221;4.20.0&#8243; _module_preset=&#8221;bcbc0a62-216d-49b7-9246-f841dcb08939&#8243; text_orientation=&#8221;center&#8221; global_colors_info=&#8221;{}&#8221;]<\/p>\n<div dir=\"auto\"><\/div>\n<div dir=\"auto\"><\/div>\n<div dir=\"auto\"><span style=\"color: #fffcf7;\">Matylda uko\u0144czy\u0142a studia wiolonczelowe w Konserwatorium Monteverdi w Bolzano (2020), a swoje umiej\u0119tno\u015bci w zakresie wykonawstwa historycznego rozwija\u0142a w Konserwatorium w Hadze pod kierunkiem Lucii Swarts (2022). Wsp\u00f3\u0142pracowa\u0142a z czo\u0142owymi orkiestrami i dyrygentami, wyst\u0119puj\u0105c na scenach i festiwalach w ca\u0142ej Europie.\u00a0<\/span><\/div>\n<p>[\/et_pb_text][\/et_pb_column][\/et_pb_row][\/et_pb_section][et_pb_section fb_built=&#8221;1&#8243; admin_label=&#8221;Testimonials&#8221; _builder_version=&#8221;4.20.0&#8243; _module_preset=&#8221;default&#8221; collapsed=&#8221;on&#8221; global_colors_info=&#8221;{}&#8221; theme_builder_area=&#8221;post_content&#8221;][et_pb_row _builder_version=&#8221;4.20.0&#8243; _module_preset=&#8221;default&#8221; border_color_all=&#8221;gcid-e6f8585f-043d-4f05-ad96-fb05b9e45208&#8243; border_width_bottom=&#8221;1px&#8221; global_colors_info=&#8221;{%22gcid-e6f8585f-043d-4f05-ad96-fb05b9e45208%22:%91%22border_color_all%22%93}&#8221; theme_builder_area=&#8221;post_content&#8221; custom_margin=&#8221;-54px|auto||auto||&#8221;][et_pb_column type=&#8221;4_4&#8243; _builder_version=&#8221;4.20.0&#8243; _module_preset=&#8221;default&#8221; global_colors_info=&#8221;{}&#8221; theme_builder_area=&#8221;post_content&#8221;][et_pb_icon font_icon=&#8221;&#xf10d;||fa||900&#8243; icon_color=&#8221;#000000&#8243; icon_width=&#8221;56px&#8221; _builder_version=&#8221;4.20.0&#8243; _module_preset=&#8221;default&#8221; global_colors_info=&#8221;{}&#8221; theme_builder_area=&#8221;post_content&#8221;][\/et_pb_icon][\/et_pb_column][\/et_pb_row][et_pb_row column_structure=&#8221;1_2,1_2&#8243; _builder_version=&#8221;4.20.0&#8243; _module_preset=&#8221;default&#8221; global_colors_info=&#8221;{}&#8221; theme_builder_area=&#8221;post_content&#8221;][et_pb_column type=&#8221;1_2&#8243; _builder_version=&#8221;4.20.0&#8243; _module_preset=&#8221;default&#8221; global_colors_info=&#8221;{}&#8221; theme_builder_area=&#8221;post_content&#8221;][et_pb_text _builder_version=&#8221;4.27.4&#8243; _module_preset=&#8221;bcbc0a62-216d-49b7-9246-f841dcb08939&#8243; hover_enabled=&#8221;0&#8243; global_colors_info=&#8221;{}&#8221; theme_builder_area=&#8221;post_content&#8221; sticky_enabled=&#8221;0&#8243;]<\/p>\n<h5>Koncerty kameralne po\u015bwi\u0119cone tw\u00f3rczo\u015bci kompozytor\u00f3w polskich, zrealizowane dzi\u0119ki Stypendium Ministra Kultury i Dziedzictwa Narodowego, uwa\u017cam za projekt uko\u0144czony z du\u017cym sukcesem. \u0141\u0105cznie odby\u0142o si\u0119 a\u017c 12 koncert\u00f3w, co jest liczb\u0105 wi\u0119ksz\u0105, ni\u017c pocz\u0105tkowo zak\u0142ada\u0142am. Koncerty odbywa\u0142y si\u0119 w r\u00f3\u017cnych przestrzeniach: muzeach, pa\u0142acach, salach koncertowych, a tak\u017ce uczelniach. By\u0142y wydarzeniami samymi w sobie lub w\u0142\u0105czone w cykle innych wydarze\u0144 kulturalnych, co cz\u0119sto przyczynia\u0142o si\u0119 do zwi\u0119kszenia popularno\u015bci wyst\u0119p\u00f3w zorganizowanych dzi\u0119ki Stypendium.<\/h5>\n<h5>Za ka\u017cdym razem odpowied\u017a publiczno\u015bci by\u0142a bardzo dobra, a wybrany repertuar i jego autorzy wzbudzali zainteresowanie s\u0142uchaczy \u2014 cz\u0119sto pojawia\u0142y si\u0119 dodatkowe pytania na temat kompozytor\u00f3w, ich biografii, prezentowanych form oraz samych instrument\u00f3w historycznych. Daje to dow\u00f3d, \u017ce g\u0142\u00f3wny cel, czyli szerzenie wiedzy na temat tw\u00f3rczo\u015bci artyst\u00f3w polskich XIX wieku, zosta\u0142 zrealizowany.<\/h5>\n<p>&nbsp;<\/p>\n<p>[\/et_pb_text][\/et_pb_column][et_pb_column type=&#8221;1_2&#8243; _builder_version=&#8221;4.20.0&#8243; _module_preset=&#8221;default&#8221; global_colors_info=&#8221;{}&#8221; theme_builder_area=&#8221;post_content&#8221;][et_pb_text _builder_version=&#8221;4.27.4&#8243; _module_preset=&#8221;bcbc0a62-216d-49b7-9246-f841dcb08939&#8243; hover_enabled=&#8221;0&#8243; global_colors_info=&#8221;{}&#8221; theme_builder_area=&#8221;post_content&#8221; sticky_enabled=&#8221;0&#8243;]<\/p>\n<h5>Bardzo dobry rezultat osi\u0105gn\u0119\u0142y r\u00f3wnie\u017c tre\u015bci zamieszczone w mediach spo\u0142eczno\u015bciowych \u2014 cieszy\u0142y si\u0119 du\u017c\u0105 popularno\u015bci\u0105. Koncerty odbywa\u0142y si\u0119 na terenie ca\u0142ego kraju, zar\u00f3wno w du\u017cych, jak i ma\u0142ych miejscowo\u015bciach. \u0141\u0105cznie 12 koncert\u00f3w odby\u0142o si\u0119 w: K\u00f3rniku, Krakowie, Opolu, Zabrzu, Jab\u0142onnie, Otwocku Wielkim, Katowicach, Warszawie, Antoninie i Gda\u0144sku. Zaprezentowano duety, tria, kwartety oraz kwintety, a nagrania z koncert\u00f3w s\u0105 dost\u0119pne na stronie internetowej.<\/h5>\n<h5>Dodatkowo powsta\u0142y nagrania promocyjne projektu, przedstawiaj\u0105ce wybrane duety Augusta Duranowskiego na skrzypce i wiolonczel\u0119, wykonane na instrumentach historycznych. Mam nadziej\u0119, \u017ce projekt b\u0119dzie kontynuowany w przysz\u0142o\u015bci, a seria koncert\u00f3w kameralnych z tw\u00f3rczo\u015bci\u0105 kompozytor\u00f3w polskich b\u0119dzie nadal rozwijana.<\/h5>\n<p>[\/et_pb_text][\/et_pb_column][\/et_pb_row][et_pb_row _builder_version=&#8221;4.27.4&#8243; _module_preset=&#8221;default&#8221; theme_builder_area=&#8221;post_content&#8221; custom_margin=&#8221;-50px|auto||auto||&#8221;][et_pb_column _builder_version=&#8221;4.27.4&#8243; _module_preset=&#8221;default&#8221; type=&#8221;4_4&#8243; theme_builder_area=&#8221;post_content&#8221;][et_pb_image src=&#8221;https:\/\/polishcomposersof19c.com\/wp-content\/uploads\/2025\/12\/IMG_1494-762&#215;1024.jpeg&#8221; _builder_version=&#8221;4.27.4&#8243; _module_preset=&#8221;default&#8221; theme_builder_area=&#8221;post_content&#8221; title_text=&#8221;IMG_1494&#8243; align=&#8221;center&#8221; width=&#8221;34%&#8221; hover_enabled=&#8221;0&#8243; sticky_enabled=&#8221;0&#8243;][\/et_pb_image][\/et_pb_column][\/et_pb_row][\/et_pb_section]<\/p>","protected":false},"excerpt":{"rendered":"<p>About the projectThe scholarship project, led by Matylda Adamus, is dedicated to chamber music by 19th-century Polish composers. Its mission is to promote lesser-known repertoire, provide education in music history and Polish history, and showcase the aesthetics of the Romantic era. The website combines information about concerts with educational content, offering insights into the cultural [&hellip;]<\/p>","protected":false},"author":1,"featured_media":0,"parent":0,"menu_order":0,"comment_status":"closed","ping_status":"closed","template":"","meta":{"_et_pb_use_builder":"on","_et_pb_old_content":"","_et_gb_content_width":"","footnotes":""},"class_list":["post-61","page","type-page","status-publish","hentry"],"_links":{"self":[{"href":"https:\/\/polishcomposersof19c.com\/pl\/wp-json\/wp\/v2\/pages\/61","targetHints":{"allow":["GET"]}}],"collection":[{"href":"https:\/\/polishcomposersof19c.com\/pl\/wp-json\/wp\/v2\/pages"}],"about":[{"href":"https:\/\/polishcomposersof19c.com\/pl\/wp-json\/wp\/v2\/types\/page"}],"author":[{"embeddable":true,"href":"https:\/\/polishcomposersof19c.com\/pl\/wp-json\/wp\/v2\/users\/1"}],"replies":[{"embeddable":true,"href":"https:\/\/polishcomposersof19c.com\/pl\/wp-json\/wp\/v2\/comments?post=61"}],"version-history":[{"count":0,"href":"https:\/\/polishcomposersof19c.com\/pl\/wp-json\/wp\/v2\/pages\/61\/revisions"}],"wp:attachment":[{"href":"https:\/\/polishcomposersof19c.com\/pl\/wp-json\/wp\/v2\/media?parent=61"}],"curies":[{"name":"wp","href":"https:\/\/api.w.org\/{rel}","templated":true}]}}