{"id":610,"date":"2025-04-30T20:11:29","date_gmt":"2025-04-30T20:11:29","guid":{"rendered":"https:\/\/polishcomposersof19c.com\/?page_id=610"},"modified":"2025-04-30T20:28:06","modified_gmt":"2025-04-30T20:28:06","slug":"michal-kleofas-oginski","status":"publish","type":"page","link":"https:\/\/polishcomposersof19c.com\/pl\/michal-kleofas-oginski\/","title":{"rendered":"Micha\u0142 Kleofas Ogi\u0144ski"},"content":{"rendered":"<p>[et_pb_section fb_built=&#8221;1&#8243; admin_label=&#8221;About&#8221; _builder_version=&#8221;4.27.4&#8243; _module_preset=&#8221;default&#8221; background_color=&#8221;#fffcf7&#8243; background_image=&#8221;https:\/\/polishcomposersof19c.com\/wp-content\/uploads\/2025\/01\/47-1.png&#8221; background_size=&#8221;initial&#8221; background_position=&#8221;top_center&#8221; collapsed=&#8221;on&#8221; global_colors_info=&#8221;{}&#8221;][et_pb_row column_structure=&#8221;1_2,1_2&#8243; _builder_version=&#8221;4.20.0&#8243; _module_preset=&#8221;default&#8221; custom_padding=&#8221;||0px||false|false&#8221; global_colors_info=&#8221;{}&#8221;][et_pb_column type=&#8221;1_2&#8243; _builder_version=&#8221;4.20.0&#8243; _module_preset=&#8221;default&#8221; global_colors_info=&#8221;{}&#8221;][et_pb_text _builder_version=&#8221;4.20.0&#8243; _module_preset=&#8221;78e628bd-4da5-431b-8c94-70e92ccc95ef&#8221; header_2_text_color=&#8221;#FFFFFF&#8221; width=&#8221;100%&#8221; custom_padding=&#8221;|0px||||&#8221; global_colors_info=&#8221;{}&#8221;]<\/p>\n<h2><span style=\"color: #381d2a;\"><span>Micha\u0142 Kleofas Ogi\u0144ski<\/span><\/span><\/h2>\n<h2><span style=\"color: #381d2a;\"><span>(1765\u20131833)<\/span><\/span><\/h2>\n<p>[\/et_pb_text][et_pb_text _builder_version=&#8221;4.27.4&#8243; _module_preset=&#8221;1b32a508-bed9-4043-b8e5-8175eda2df0c&#8221; text_text_color=&#8221;#FFFFFF&#8221; hover_enabled=&#8221;0&#8243; global_colors_info=&#8221;{}&#8221; sticky_enabled=&#8221;0&#8243;]<\/p>\n<div dir=\"auto\">\n<p><span style=\"color: #334e58;\"> Micha\u0142 Kleofas Ogi\u0144ski\u2013 wybitny kompozytor, dyplomata oraz podskarbi wielki litewski \u2013 nale\u017ca\u0142 do grona czo\u0142owych przedstawicieli muzycznego \u017cycia ko\u0144ca XVIII i pocz\u0105tku XIX wieku. Od wczesnych lat rozwija\u0142 swoje umiej\u0119tno\u015bci muzyczne, ucz\u0105c si\u0119 gry na fortepianie i skrzypcach. Pocz\u0105tkowo kszta\u0142ci\u0142 si\u0119 pod kierunkiem I. M. Jarnovicia w Warszawie, a nast\u0119pnie w 1798 roku pobiera\u0142 nauki u G. Viottiego w Pary\u017cu. Aktywnie uczestniczy\u0142 w salonowym muzykowaniu arystokracji, wykonuj\u0105c utwory Haydna, Mozarta, a tak\u017ce wczesne dzie\u0142a Beethovena. Zainteresowanie muzyk\u0105 teatraln\u0105 rozbudzi\u0142y w nim w\u0142oskie i francuskie opery wystawiane w S\u0142onimiu przez jego stryja Micha\u0142a Kazimierza.<\/span><\/p>\n<p><span style=\"color: #334e58;\">W latach 1790\u20131791 pe\u0142ni\u0142 funkcje dyplomatyczne, podr\u00f3\u017cuj\u0105c do Hagi, Amsterdamu oraz Londynu. Zaanga\u017cowany w sprawy polityczne Rzeczypospolitej, bra\u0142 udzia\u0142 w obradach Sejmu Czteroletniego. Cho\u0107 w 1792 roku popar\u0142 konfederacj\u0119 targowick\u0105 i znalaz\u0142 si\u0119 w gronie magnat\u00f3w podpisuj\u0105cych traktaty rozbiorowe z Rosj\u0105 i Prusami, to ju\u017c w 1794 roku stan\u0105\u0142 po stronie insurekcji ko\u015bciuszkowskiej. Po jej kl\u0119sce jego maj\u0105tek zosta\u0142 skonfiskowany, co zmusi\u0142o go do emigracji \u2013 osiedli\u0142 si\u0119 w Wenecji. Lata 1797\u20131798 to okres jego pobytu w Pary\u017cu, gdzie pozna\u0142 osobi\u015bcie Napoleona Bonaparte. W 1801 roku powr\u00f3ci\u0142 w rodzinne strony i osiad\u0142 w okolicach Wilna. Po kampanii napoleo\u0144skiej 1812 roku, opowiedziawszy si\u0119 po stronie cara Aleksandra I, zaanga\u017cowa\u0142 si\u0119 w \u017cycie kulturalne Wilna, organizuj\u0105c koncerty i przedstawienia teatralne. Ostatnie lata \u017cycia sp\u0119dzi\u0142 we Florencji, gdzie zmar\u0142 w 1833 roku. Pochowany zosta\u0142 w bazylice Santa Croce.<\/span><\/p>\n<p><span style=\"color: #334e58;\">Ogi\u0144ski pozostawi\u0142 po sobie bogat\u0105 korespondencj\u0119, w kt\u00f3rej zarysowa\u0142 swoje pogl\u0105dy artystyczne. W listach wyra\u017ca\u0142 g\u0142\u0119boki podziw dla tw\u00f3rczo\u015bci Bacha i Haydna oraz szacunek dla Mozarta. W\u015br\u00f3d dzie\u0142 Beethovena ceni\u0142 jedynie jego wczesne kompozycje, zupe\u0142nie pomijaj\u0105c tw\u00f3rczo\u015b\u0107 Schuberta i m\u0142odego Schumanna, kt\u00f3rych nie akceptowa\u0142 z racji zmieniaj\u0105cej si\u0119, romantycznej estetyki muzyki pocz\u0105tku XIX wieku. By\u0142 krytyczny wobec talentu Moschelesa i Hummla, a tak\u017ce nie dostrzega\u0142 kunsztu Paganiniego. Wyr\u00f3\u017cnia\u0142 natomiast Mari\u0119 Szymanowsk\u0105, uznaj\u0105c j\u0105 za artystk\u0119 o wyj\u0105tkowych walorach.<\/span><\/p>\n<p><span style=\"color: #334e58;\">Tw\u00f3rczo\u015b\u0107 Ogi\u0144skiego lokuje si\u0119 w nurcie sentymentalizmu. Przed Fryderykiem Chopinem by\u0142 jednym z tych kompozytor\u00f3w, kt\u00f3rzy rozwijali form\u0119 tanecznych miniatur fortepianowych, nadaj\u0105c im now\u0105 g\u0142\u0119bi\u0119 wyrazow\u0105. Najwa\u017cniejsze miejsce w jego dorobku zajmuj\u0105 polonezy, cho\u0107 pisa\u0142 r\u00f3wnie\u017c mazurki, walce, menuety, marsze, a tak\u017ce pie\u015bni i romanse utrzymane w stylu galant, cz\u0119sto o sielankowej tematyce. Jedynym wi\u0119kszym dzie\u0142em sceniczno-wokalnym, kt\u00f3re wysz\u0142o spod jego pi\u00f3ra, by\u0142a opera Z\u00e9lis et Valcour ou Bonaparte au Ca\u00efre.<\/span><\/p>\n<p><span style=\"color: #334e58;\">Historia poloneza si\u0119ga XVI wieku, lecz to w XVIII wieku taniec ten osi\u0105gn\u0105\u0142 pe\u0142ni\u0119 swej formalnej dojrza\u0142o\u015bci, przybieraj\u0105c charakter reprezentacyjny i dostojny, uto\u017csamiany z polsk\u0105 szlacht\u0105. W polonezach Ogi\u0144skiego mo\u017cna dostrzec zmian\u0119 tej konwencji \u2013 dominuj\u0105ce dot\u0105d cechy majestatyczne ust\u0119puj\u0105 miejsca nastrojom melancholijnym, lirycznym i elegijnym. Prze\u0142om XVIII i XIX wieku przynosi wyra\u017ane rozr\u00f3\u017cnienie na polonezy liryczne oraz bohaterskie\u2013 te ostatnie rozwijane by\u0142y mi\u0119dzy innymi przez Karola Kurpi\u0144skiego, a ich pe\u0142en rozkwit nast\u0105pi\u0142 w tw\u00f3rczo\u015bci Chopina, zw\u0142aszcza w tzw. polonezie heroicznym.<\/span><\/p>\n<p><span style=\"color: #334e58;\">Polonezy Ogi\u0144skiego, cho\u0107 zakorzenione w tradycji tanecznej, wykazuj\u0105 te\u017c wp\u0142ywy techniki fortepianowej Clementiego i Mozarta. Charakteryzuj\u0105 si\u0119 przejrzyst\u0105 faktur\u0105, prost\u0105 technik\u0105 wykonawcz\u0105 oraz klasyczn\u0105, trzycz\u0119\u015bciow\u0105 form\u0105 z triem. Ta przyst\u0119pno\u015b\u0107 przyczyni\u0142a si\u0119 do ich du\u017cej popularno\u015bci w muzyce domowej i amatorskiej, szczeg\u00f3lnie w m\u0142odzie\u0144czych latach Chopina, dla kt\u00f3rego stanowi\u0142y wa\u017cny punkt odniesienia.<\/span><\/p>\n<p><span style=\"color: #334e58;\">Warto zaznaczy\u0107, \u017ce mimo tej popularno\u015bci, nazwisko Ogi\u0144skiego nie pojawia si\u0119 w listach czy zapiskach Chopina. M\u0142odego kompozytora bardziej poci\u0105ga\u0142 styl brillant ni\u017c rodzima tw\u00f3rczo\u015b\u0107 u\u017cytkowa. Jednak wp\u0142yw Ogi\u0144skiego na Chopina pozostaje bezsprzeczny \u2013 szczeg\u00f3lnie zauwa\u017calny w najwcze\u015bniejszych polonezach, jak np. w Polonezie B-dur WN 1, w kt\u00f3rym widoczne s\u0105 echa s\u0142ynnego Poloneza a-moll \u201ePo\u017cegnanie Ojczyzny\u201d Ogi\u0144skiego. To w\u0142a\u015bnie on zapocz\u0105tkowa\u0142 proces stylizacji poloneza i wykszta\u0142ci\u0142 model poloneza lirycznego, kt\u00f3ry z czasem Chopin rozwin\u0105\u0142 do formy pe\u0142nej wyrazu i wirtuozerii, czego ukoronowaniem sta\u0142a si\u0119 Polonez-Fantazja.<\/span><\/p>\n<p><span style=\"color: #334e58;\">Tw\u00f3rczo\u015b\u0107 Micha\u0142a Kleofasa Ogi\u0144skiego to zatem istotne ogniwo w ewolucji polskiego poloneza \u2013 \u0142\u0105cznik mi\u0119dzy taneczn\u0105 konwencj\u0105 a muzyczn\u0105 stylizacj\u0105, kt\u00f3rej ukoronowaniem sta\u0142y si\u0119 dzie\u0142a Chopina.<\/span><\/p>\n<\/div>\n<p>[\/et_pb_text][et_pb_text _builder_version=&#8221;4.27.4&#8243; _module_preset=&#8221;78e628bd-4da5-431b-8c94-70e92ccc95ef&#8221; text_text_color=&#8221;#fffcf7&#8243; text_font_size=&#8221;5px&#8221; header_2_text_color=&#8221;#FFFFFF&#8221; header_3_font=&#8221;Cormorant Garamond||||||||&#8221; width=&#8221;103.4%&#8221; custom_margin=&#8221;-13px|-17px||||&#8221; custom_padding=&#8221;0px|4px|14px|||&#8221; hover_enabled=&#8221;0&#8243; global_colors_info=&#8221;{}&#8221; sticky_enabled=&#8221;0&#8243;]<\/p>\n<h3 style=\"text-align: left;\"><span style=\"font-size: large;\">Based on : <a href=\"https:\/\/portalmuzykipolskiej.pl\/pl\/osoba\/6776-oginski-michal-kleofas\/biografia\/2-biografia-pelna\" target=\"_blank\" rel=\"noopener\"><span style=\"text-decoration: underline;\">https:\/\/portalmuzykipolskiej.pl\/pl\/osoba\/6776-oginski-michal-kleofas\/biografia\/2-biografia-pelna<\/span><\/a><\/span><\/h3>\n<p>[\/et_pb_text][\/et_pb_column][et_pb_column type=&#8221;1_2&#8243; _builder_version=&#8221;4.20.0&#8243; _module_preset=&#8221;default&#8221; global_colors_info=&#8221;{}&#8221;][et_pb_image src=&#8221;https:\/\/polishcomposersof19c.com\/wp-content\/uploads\/2025\/04\/78637723.jpg&#8221; title_text=&#8221;78637723&#8243; _builder_version=&#8221;4.27.4&#8243; _module_preset=&#8221;default&#8221; global_colors_info=&#8221;{}&#8221;][\/et_pb_image][\/et_pb_column][\/et_pb_row][\/et_pb_section]<\/p>","protected":false},"excerpt":{"rendered":"<p>Micha\u0142 Kleofas Ogi\u0144ski (1765\u20131833) Micha\u0142 Kleofas Ogi\u0144ski\u2013 a distinguished composer, diplomat, and Grand Treasurer of Lithuania \u2013 was among the leading figures of musical life at the turn of the 18th and 19th centuries. From an early age, he developed his musical skills, studying piano and violin. He initially trained under I. M. Jarnovi\u0107 in [&hellip;]<\/p>","protected":false},"author":1,"featured_media":0,"parent":0,"menu_order":0,"comment_status":"closed","ping_status":"closed","template":"","meta":{"_et_pb_use_builder":"on","_et_pb_old_content":"","_et_gb_content_width":"","footnotes":""},"class_list":["post-610","page","type-page","status-publish","hentry"],"_links":{"self":[{"href":"https:\/\/polishcomposersof19c.com\/pl\/wp-json\/wp\/v2\/pages\/610","targetHints":{"allow":["GET"]}}],"collection":[{"href":"https:\/\/polishcomposersof19c.com\/pl\/wp-json\/wp\/v2\/pages"}],"about":[{"href":"https:\/\/polishcomposersof19c.com\/pl\/wp-json\/wp\/v2\/types\/page"}],"author":[{"embeddable":true,"href":"https:\/\/polishcomposersof19c.com\/pl\/wp-json\/wp\/v2\/users\/1"}],"replies":[{"embeddable":true,"href":"https:\/\/polishcomposersof19c.com\/pl\/wp-json\/wp\/v2\/comments?post=610"}],"version-history":[{"count":0,"href":"https:\/\/polishcomposersof19c.com\/pl\/wp-json\/wp\/v2\/pages\/610\/revisions"}],"wp:attachment":[{"href":"https:\/\/polishcomposersof19c.com\/pl\/wp-json\/wp\/v2\/media?parent=610"}],"curies":[{"name":"wp","href":"https:\/\/api.w.org\/{rel}","templated":true}]}}