{"id":635,"date":"2025-05-13T10:19:52","date_gmt":"2025-05-13T10:19:52","guid":{"rendered":"https:\/\/polishcomposersof19c.com\/?page_id=635"},"modified":"2025-05-15T11:41:46","modified_gmt":"2025-05-15T11:41:46","slug":"jozef-antoni-franciszek-elsner","status":"publish","type":"page","link":"https:\/\/polishcomposersof19c.com\/pl\/jozef-antoni-franciszek-elsner\/","title":{"rendered":"J\u00f3zef Antoni Franciszek Elsner"},"content":{"rendered":"<p>[et_pb_section fb_built=&#8221;1&#8243; admin_label=&#8221;About&#8221; _builder_version=&#8221;4.27.4&#8243; _module_preset=&#8221;default&#8221; background_color=&#8221;#fffcf7&#8243; background_image=&#8221;https:\/\/polishcomposersofthe0148.live-website.com\/wp-content\/uploads\/2025\/01\/50-1.png&#8221; background_size=&#8221;contain&#8221; background_position=&#8221;top_center&#8221; collapsed=&#8221;on&#8221; global_colors_info=&#8221;{}&#8221; theme_builder_area=&#8221;post_content&#8221;][et_pb_row column_structure=&#8221;1_2,1_2&#8243; _builder_version=&#8221;4.20.0&#8243; _module_preset=&#8221;default&#8221; custom_padding=&#8221;||0px||false|false&#8221; global_colors_info=&#8221;{}&#8221; theme_builder_area=&#8221;post_content&#8221;][et_pb_column type=&#8221;1_2&#8243; _builder_version=&#8221;4.20.0&#8243; _module_preset=&#8221;default&#8221; global_colors_info=&#8221;{}&#8221; theme_builder_area=&#8221;post_content&#8221;][et_pb_text _builder_version=&#8221;4.20.0&#8243; _module_preset=&#8221;78e628bd-4da5-431b-8c94-70e92ccc95ef&#8221; header_2_text_color=&#8221;#FFFFFF&#8221; width=&#8221;100%&#8221; custom_padding=&#8221;|0px||||&#8221; global_colors_info=&#8221;{}&#8221; theme_builder_area=&#8221;post_content&#8221;]<\/p>\n<h2><span style=\"color: #381d2a;\"><span>J\u00f3zef Antoni Franciszek Elsner <\/span><\/span><\/h2>\n<h2><span style=\"color: #381d2a;\"><span>(1769\u20131854)\u00a0<\/span><\/span><\/h2>\n<p>[\/et_pb_text][et_pb_text _builder_version=&#8221;4.27.4&#8243; _module_preset=&#8221;1b32a508-bed9-4043-b8e5-8175eda2df0c&#8221; text_text_color=&#8221;#FFFFFF&#8221; hover_enabled=&#8221;0&#8243; global_colors_info=&#8221;{}&#8221; theme_builder_area=&#8221;post_content&#8221; sticky_enabled=&#8221;0&#8243;]<\/p>\n<div dir=\"auto\"><span style=\"color: #334e58;\"><span>J\u00f3zef Antoni Franciszek Elsner (1769\u20131854) \u2013 kompozytor, dyrygent, pedagog i organizator \u017cycia muzycznego, urodzony 1 czerwca 1769 roku w Grodkowie na Opolszczy\u017anie, zmar\u0142 18 kwietnia 1854 roku w Elsnerowie pod Warszaw\u0105.<\/span><\/span><\/div>\n<div dir=\"auto\"><span style=\"color: #334e58;\">W latach 1774\u20131781 ucz\u0119szcza\u0142 do szko\u0142y powszechnej w Grodkowie, a r\u00f3wnocze\u015bnie \u015bpiewa\u0142 w miejscowym ch\u00f3rze ko\u015bcielnym. Od 1781 kszta\u0142ci\u0142 si\u0119 w szkole przyklasztornej dominikan\u00f3w, a nast\u0119pnie w jezuickim Gimnazjum \u015bw. Macieja we Wroc\u0142awiu. Bra\u0142 udzia\u0142 w \u017cyciu muzycznym szko\u0142y jako ch\u00f3rzysta, uczy\u0142 si\u0119 gry na skrzypcach oraz basu cyfrowanego. Ju\u017c w 1782 w ko\u015bciele \u015bw. Wojciecha we Wroc\u0142awiu wykonano jego pierwszy znany utw\u00f3r \u2013 motet Ave Maria gratia plena na dwa g\u0142osy solowe z towarzyszeniem instrument\u00f3w.<\/span><\/div>\n<div dir=\"auto\"><\/div>\n<div dir=\"auto\"><span style=\"color: #334e58;\">W 1786 rozpocz\u0105\u0142 studia teologiczne na Uniwersytecie we Wroc\u0142awiu, kt\u00f3re niebawem zamieni\u0142 na lekarskie. Jesieni\u0105 1789 wyjecha\u0142 do Wiednia z zamiarem kontynuowania studi\u00f3w medycznych. Jednak ci\u0119\u017cka choroba i dwuletni pobyt w stolicy Habsburg\u00f3w sk\u0142oni\u0142y go do porzucenia plan\u00f3w lekarskich i powrotu do muzyki. W 1791 przeni\u00f3s\u0142 si\u0119 do Brna, gdzie zatrudni\u0142 si\u0119 jako skrzypek w orkiestrze teatralnej. Wiosn\u0105 1792 uda\u0142 si\u0119 do Lwowa, obejmuj\u0105c funkcj\u0119 dyrygenta teatru cesarsko-kr\u00f3lewskiego. Do 1795 roku wystawi\u0142 tam m.in. dwie w\u0142asne opery z librettami niemieckimi: Die seltenen Br\u00fcder i Der verkleidete Sultan.<\/span><\/div>\n<div dir=\"auto\"><\/div>\n<div dir=\"auto\"><span style=\"color: #334e58;\">Po przej\u0119ciu kierownictwa teatru przez Wojciecha Bogus\u0142awskiego w 1795, Elsner zosta\u0142 jego bliskim wsp\u00f3\u0142pracownikiem. Rozwin\u0105\u0142 dzia\u0142alno\u015b\u0107 pedagogiczn\u0105 oraz zainicjowa\u0142 za\u0142o\u017cenie Akademii Muzycznej \u2013 stowarzyszenia zrzeszaj\u0105cego muzyk\u00f3w i mi\u0142o\u015bnik\u00f3w muzyki, organizuj\u0105cego regularne, cotygodniowe koncerty. W repertuarze koncert\u00f3w Akademii znajdowa\u0142y si\u0119 symfonie Josepha Haydna, Wolfganga Amadeusa Mozarta, Pavla Vranickiego oraz kompozycje w\u0142asne Elsnera, a tak\u017ce koncerty solowe i dzie\u0142a wokalne.<\/span><\/div>\n<div dir=\"auto\"><\/div>\n<div dir=\"auto\"><span style=\"color: #334e58;\">W 1799 przeni\u00f3s\u0142 si\u0119 do Warszawy, gdzie osiad\u0142 na sta\u0142e. Do 1824 roku kierowa\u0142 oper\u0105 w Teatrze Narodowym, wzbogacaj\u0105c jej repertuar o w\u0142asne dzie\u0142a \u2013 skomponowa\u0142 30 oper i 2 balety. W latach 1802\u20131806 prowadzi\u0142 w\u0142asn\u0105 sztycharni\u0119 nut, w ramach kt\u00f3rej wydawa\u0142 Wyb\u00f3r pi\u0119knych dzie\u0142 muzycznych i pie\u015bni polskich (1803\u20131805), obejmuj\u0105cy 24 zeszyty. W 1805 odby\u0142 podr\u00f3\u017c artystyczn\u0105 do Niemiec i Francji, nawi\u0105zuj\u0105c kontakty z czo\u0142owymi muzykami i wydawcami, co zaowocowa\u0142o drukiem jego utwor\u00f3w w Lipsku i Pary\u017cu. Tego samego roku zosta\u0142 cz\u0142onkiem Warszawskiego Towarzystwa Przyjaci\u00f3\u0142 Nauk.<\/span><\/div>\n<div dir=\"auto\"><\/div>\n<div dir=\"auto\"><span style=\"color: #334e58;\">W latach 1805\u20131806 wsp\u00f3\u0142pracowa\u0142 z Resurs\u0105 Muzyczn\u0105, anga\u017cuj\u0105c si\u0119 w organizacj\u0119 koncert\u00f3w symfonicznych. R\u00f3wnolegle prowadzi\u0142 dzia\u0142alno\u015b\u0107 krytyczno-publicystyczn\u0105 \u2013 w latach 1802\u20131825 pisa\u0142 artyku\u0142y i recenzje muzyczne w prasie krajowej, a w latach 1811\u20131819 publikowa\u0142 r\u00f3wnie\u017c w presti\u017cowym lipskim pi\u015bmie Allgemeine Musikalische Zeitung, analizuj\u0105c tw\u00f3rczo\u015b\u0107 kompozytor\u00f3w polskich oraz \u017cycie muzyczne Warszawy.<\/span><\/div>\n<div dir=\"auto\"><\/div>\n<div dir=\"auto\"><span style=\"color: #334e58;\">W 1814 za\u0142o\u017cy\u0142 Towarzystwo Muzyki Religijnej i Narodowej, kt\u00f3rego celem by\u0142o nie tylko organizowanie koncert\u00f3w, ale tak\u017ce kszta\u0142cenie przysz\u0142ych pedagog\u00f3w, organist\u00f3w, \u015bpiewak\u00f3w i muzyk\u00f3w instrumentalnych. R\u00f3wnolegle rozwija\u0142 dzia\u0142alno\u015b\u0107 dydaktyczn\u0105: w latach 1814\u20131817 uczy\u0142 w Szkole Dramatycznej Bogus\u0142awskiego, a nast\u0119pnie kierowa\u0142 w\u0142asnymi instytucjami edukacyjnymi \u2013 Szko\u0142\u0105 Elementarn\u0105 Muzyki i Sztuki Dramatycznej (1817\u20131821), Instytutem Muzyki i Deklamacji (1821\u20131826) oraz Szko\u0142\u0105 G\u0142\u00f3wn\u0105 Muzyki (1826\u20131831), gdzie wykszta\u0142ci\u0142 szereg wybitnych polskich kompozytor\u00f3w, w tym Fryderyka Chopina. To w\u0142a\u015bnie o nim napisa\u0142 w szkolnym \u015bwiadectwie: \u201eszczeg\u00f3lna zdatno\u015b\u0107, geniusz muzyczny\u201d. W latach 1835\u20131839 uczy\u0142 r\u00f3wnie\u017c w Szkole \u015apiewu przy Teatrze Wielkim, a nast\u0119pnie w Instytucie Guwernantek.<\/span><\/div>\n<div dir=\"auto\"><\/div>\n<div dir=\"auto\"><span style=\"color: #334e58;\">J\u00f3zef Elsner by\u0142 cz\u0142onkiem honorowym wielu towarzystw muzycznych w Polsce, m.in. Krakowskiego Towarzystwa Przyjaci\u00f3\u0142 Muzyki, a tak\u017ce zagranicznych, takich jak lipski Musikverein der Universit\u00e4tskirche St. Pauli. Nale\u017ca\u0142 r\u00f3wnie\u017c do masonerii \u2013 w 1814 zosta\u0142 namiestnikiem katedry lo\u017cy \u015awi\u0105tyni Sta\u0142o\u015bci, w 1820 cz\u0142onkiem najwy\u017cszej kapitu\u0142y, a w 1821 mistrzem katedry. W uznaniu zas\u0142ug dla polskiej kultury muzycznej otrzyma\u0142 w 1823 Order \u015aw. Stanis\u0142awa.<\/span><span style=\"color: #334e58; font-size: 16px;\"><\/span><a href=\"https:\/\/culture.pl\/pl\/tworca\/jozef-elsner\" target=\"_blank\" data-saferedirecturl=\"https:\/\/www.google.com\/url?q=https:\/\/culture.pl\/pl\/tworca\/jozef-elsner&amp;source=gmail&amp;ust=1747217442584000&amp;usg=AOvVaw3HGgMa8iRdrG_DQHkhIdhT\" rel=\"noopener\" style=\"font-size: 16px;\"><span style=\"text-decoration-line: underline;\">https:\/\/culture.pl\/pl\/tworca\/jozef-elsner<wbr \/>jozef-elsner<\/span><\/a><\/div>\n<p>[\/et_pb_text][et_pb_text _builder_version=&#8221;4.27.4&#8243; _module_preset=&#8221;78e628bd-4da5-431b-8c94-70e92ccc95ef&#8221; text_text_color=&#8221;#fffcf7&#8243; text_font_size=&#8221;5px&#8221; header_2_text_color=&#8221;#FFFFFF&#8221; header_3_font=&#8221;Cormorant Garamond||||||||&#8221; width=&#8221;103.4%&#8221; custom_margin=&#8221;-13px|-17px||||&#8221; custom_padding=&#8221;0px|4px|14px|||&#8221; hover_enabled=&#8221;0&#8243; global_colors_info=&#8221;{}&#8221; theme_builder_area=&#8221;post_content&#8221; sticky_enabled=&#8221;0&#8243;]<\/p>\n<h3 style=\"text-align: left;\"><span style=\"font-size: large;\">Na podstawie artyku\u0142u: <a href=\"https:\/\/portalmuzykipolskiej.pl\/pl\/osoba\/6776-oginski-michal-kleofas\/biografia\/2-biografia-pelna\" target=\"_blank\" rel=\"noopener\"><span style=\"text-decoration: underline;\">https:\/\/culture.pl\/pl\/tworca\/jozef-elsner<\/span><\/a><\/span><\/h3>\n<p>[\/et_pb_text][\/et_pb_column][et_pb_column type=&#8221;1_2&#8243; _builder_version=&#8221;4.20.0&#8243; _module_preset=&#8221;default&#8221; global_colors_info=&#8221;{}&#8221; theme_builder_area=&#8221;post_content&#8221;][et_pb_image src=&#8221;https:\/\/polishcomposersof19c.com\/wp-content\/uploads\/2025\/05\/Jozef_Elsner.png&#8221; alt=&#8221;Lithograph based on a portrait by Maria Szymanowska by Jozef Oleszkiewicz, 1825. Print from the collection of Bibliotheque Polonaise in Paris.&#8221; title_text=&#8221;J\u00f3zef_Elsner&#8221; _builder_version=&#8221;4.27.4&#8243; _module_preset=&#8221;default&#8221; min_height=&#8221;213.7px&#8221; custom_margin=&#8221;2px|||||&#8221; custom_padding=&#8221;|3px|2px|4px||&#8221; hover_enabled=&#8221;0&#8243; global_colors_info=&#8221;{}&#8221; theme_builder_area=&#8221;post_content&#8221; sticky_enabled=&#8221;0&#8243;][\/et_pb_image][et_pb_text _builder_version=&#8221;4.27.4&#8243; _module_preset=&#8221;78e628bd-4da5-431b-8c94-70e92ccc95ef&#8221; text_text_color=&#8221;#fffcf7&#8243; text_font_size=&#8221;5px&#8221; header_2_text_color=&#8221;#FFFFFF&#8221; header_3_font=&#8221;Cormorant Garamond||||||||&#8221; width=&#8221;103.4%&#8221; min_height=&#8221;120px&#8221; custom_margin=&#8221;-22px|-17px||||&#8221; custom_padding=&#8221;0px|4px|14px|||&#8221; global_colors_info=&#8221;{}&#8221; theme_builder_area=&#8221;post_content&#8221;]<\/p>\n<h3 style=\"text-align: left;\"><span style=\"font-size: medium;\">\u0179r\u00f3d\u0142o: <span>Maksymilian Fajans (1827-1890) \u2013 http:\/\/kpbc.umk.pl\/dlibra\/doccontent?id=8714&amp;dirids=1, Public Domain, https:\/\/commons.wikimedia.org\/w\/index.php?curid=3198846<\/span><\/span><\/h3>\n<p>[\/et_pb_text][\/et_pb_column][\/et_pb_row][\/et_pb_section]<\/p>","protected":false},"excerpt":{"rendered":"<p>J\u00f3zef Antoni Franciszek Elsner (1769\u20131854)\u00a0J\u00f3zef Antoni Franciszek Elsner (1769\u20131854) \u2013 composer, conductor, pedagogue, and organizer of musical life, born on June 1, 1769, in Grodk\u00f3w (in present-day Opole region), died on April 18, 1854, in Elsner\u00f3w near Warsaw. From 1774 to 1781, he attended a public school in Grodk\u00f3w and sang in the local church [&hellip;]<\/p>","protected":false},"author":1,"featured_media":0,"parent":0,"menu_order":0,"comment_status":"closed","ping_status":"closed","template":"","meta":{"_et_pb_use_builder":"on","_et_pb_old_content":"","_et_gb_content_width":"","footnotes":""},"class_list":["post-635","page","type-page","status-publish","hentry"],"_links":{"self":[{"href":"https:\/\/polishcomposersof19c.com\/pl\/wp-json\/wp\/v2\/pages\/635","targetHints":{"allow":["GET"]}}],"collection":[{"href":"https:\/\/polishcomposersof19c.com\/pl\/wp-json\/wp\/v2\/pages"}],"about":[{"href":"https:\/\/polishcomposersof19c.com\/pl\/wp-json\/wp\/v2\/types\/page"}],"author":[{"embeddable":true,"href":"https:\/\/polishcomposersof19c.com\/pl\/wp-json\/wp\/v2\/users\/1"}],"replies":[{"embeddable":true,"href":"https:\/\/polishcomposersof19c.com\/pl\/wp-json\/wp\/v2\/comments?post=635"}],"version-history":[{"count":0,"href":"https:\/\/polishcomposersof19c.com\/pl\/wp-json\/wp\/v2\/pages\/635\/revisions"}],"wp:attachment":[{"href":"https:\/\/polishcomposersof19c.com\/pl\/wp-json\/wp\/v2\/media?parent=635"}],"curies":[{"name":"wp","href":"https:\/\/api.w.org\/{rel}","templated":true}]}}