{"id":744,"date":"2025-12-02T09:47:42","date_gmt":"2025-12-02T09:47:42","guid":{"rendered":"https:\/\/polishcomposersof19c.com\/?page_id=744"},"modified":"2025-12-02T11:02:14","modified_gmt":"2025-12-02T11:02:14","slug":"feliks-janiewicz","status":"publish","type":"page","link":"https:\/\/polishcomposersof19c.com\/pl\/feliks-janiewicz\/","title":{"rendered":"Feliks Janiewicz"},"content":{"rendered":"<p>[et_pb_section fb_built=&#8221;1&#8243; admin_label=&#8221;About&#8221; _builder_version=&#8221;4.27.4&#8243; _module_preset=&#8221;default&#8221; background_color=&#8221;#fffcf7&#8243; background_image=&#8221;https:\/\/polishcomposersofthe0148.live-website.com\/wp-content\/uploads\/2025\/01\/50-1.png&#8221; background_size=&#8221;contain&#8221; background_position=&#8221;top_center&#8221; collapsed=&#8221;on&#8221; global_colors_info=&#8221;{}&#8221;][et_pb_row column_structure=&#8221;1_2,1_2&#8243; _builder_version=&#8221;4.20.0&#8243; _module_preset=&#8221;default&#8221; custom_padding=&#8221;||0px||false|false&#8221; global_colors_info=&#8221;{}&#8221;][et_pb_column type=&#8221;1_2&#8243; _builder_version=&#8221;4.20.0&#8243; _module_preset=&#8221;default&#8221; global_colors_info=&#8221;{}&#8221;][et_pb_text _builder_version=&#8221;4.27.4&#8243; _module_preset=&#8221;78e628bd-4da5-431b-8c94-70e92ccc95ef&#8221; header_2_text_color=&#8221;#FFFFFF&#8221; width=&#8221;100%&#8221; custom_padding=&#8221;|0px||||&#8221; global_colors_info=&#8221;{}&#8221;]<\/p>\n<h2><span style=\"color: #381d2a;\"><span>Feliks Janiewicz <\/span><\/span><\/h2>\n<h2><span style=\"color: #381d2a;\"><span>(1762\u20131848)\u00a0<\/span><\/span><\/h2>\n<p>[\/et_pb_text][et_pb_text _builder_version=&#8221;4.27.4&#8243; _module_preset=&#8221;1b32a508-bed9-4043-b8e5-8175eda2df0c&#8221; text_text_color=&#8221;#FFFFFF&#8221; hover_enabled=&#8221;0&#8243; global_colors_info=&#8221;{}&#8221; sticky_enabled=&#8221;0&#8243;]<\/p>\n<div dir=\"auto\"><span style=\"color: #334e58;\"><span>Feliks Janiewicz by\u0142 wybitn\u0105 postaci\u0105 \u015bwiata muzyki, dzia\u0142aj\u0105c jako polsko-litewski wirtuoz skrzypiec, kompozytor, dyrygent, pedagog, organizator \u017cycia muzycznego i wydawca. Urodzi\u0142 si\u0119 w Wilnie w 1762 roku. Dok\u0142adna data jego narodzin, podobnie jak wiele szczeg\u00f3\u0142\u00f3w dotycz\u0105cych jego pochodzenia, pozostaje nieznana. Mimo \u017ce w Anglii uwa\u017cano go za polskiego szlachcica, a plotki \u0142\u0105czy\u0142y go z kr\u00f3lem Stanis\u0142awem Augustem Poniatowskim jako nie\u015blubne dziecko, brak jest pewnych informacji o jego rodzinie. Mo\u017cliwe, \u017ce z muzyk\u0105 zetkn\u0105\u0142 si\u0119 po raz pierwszy, s\u0142uchaj\u0105c w\u0119drownych grajk\u00f3w, nie za\u015b w ramach wsp\u00f3\u0142czesnego \u017cycia koncertowego, co sugeruje Mieczys\u0142aw Szlezer. Przypuszcza si\u0119, \u017ce ucz\u0119szcza\u0142 do wile\u0144skiej szko\u0142y prowadzonej przez pijar\u00f3w. W wieku 15 lat, w 1777 roku, zosta\u0142 przyj\u0119ty do orkiestry kr\u00f3la Stanis\u0142awa Augusta Poniatowskiego, w kt\u00f3rej s\u0142u\u017cy\u0142 jako nadworny skrzypek przez nie wi\u0119cej ni\u017c siedem lat (jego nazwisko nie figuruje ju\u017c w spisie z 1784 roku). S\u0142u\u017cba w Warszawie umo\u017cliwi\u0142a mu doskonalenie gry na skrzypcach oraz poznawanie \u00f3wczesnego repertuaru, w tym oper Mozarta i dzie\u0142 Paisiellego, a tak\u017ce podziwianie wyst\u0119p\u00f3w wirtuoz\u00f3w, takich jak Giovanni Batista Viotti, Gaetano Pugnani czy Joseph K\u00e4mpfer. W tym okresie Janiewicz stworzy\u0142 swoje pierwsze miniatury skrzypcowe.<\/span><\/span><\/div>\n<div dir=\"auto\"><span style=\"color: #334e58;\"><span><\/span><\/span><\/div>\n<div dir=\"auto\">\n<h3>Podr\u00f3\u017ce Edukacyjne i Sukcesy Kontynentalne<\/h3>\n<p><span style=\"color: #334e58;\">Dzi\u0119ki kr\u00f3lowi Stanis\u0142awowi Augustowi Poniatowskiemu, kt\u00f3ry sfinansowa\u0142 jego edukacyjny wyjazd zagraniczny, Janiewicz rozpocz\u0105\u0142 seri\u0119 podr\u00f3\u017cy. Pierwszym przystankiem by\u0142a Francja (1784), prawdopodobnie Nancy. Wyb\u00f3r tego miasta, cho\u0107 nie by\u0142o najwi\u0119kszym o\u015brodkiem muzycznym, m\u00f3g\u0142 wynika\u0107 z ciep\u0142ych relacji Lotaryngii (ksi\u0119stwo Stanis\u0142awa Leszczy\u0144skiego, rezydencja Poniatowskich) z Rzecz\u0105pospolit\u0105. Mieczys\u0142aw Szlezer sugeruje, \u017ce Janiewicz studiowa\u0142 u Josepha-Barnaby Saint-Sevina, cenionego pedagoga i tw\u00f3rcy francuskiej szko\u0142y wiolinistycznej, k\u0142ad\u0105cej nacisk na wirtuozeri\u0119 i sprawno\u015b\u0107 techniczn\u0105.<\/span><\/p>\n<p><span style=\"color: #334e58;\">W lutym 1785 roku Janiewicz zadebiutowa\u0142 w Wiedniu w Burgtheater, gdzie jego wirtuozeria szybko zyska\u0142a uznanie publiczno\u015bci i \u015brodowiska muzycznego. Cieszy\u0142 si\u0119 sympati\u0105 Josepha Haydna i Wolfganga Amadeusa Mozarta. Istniej\u0105 opinie, \u017ce Mozart zadedykowa\u0142 Janiewiczowi Andante na skrzypce i orkiestr\u0119 (KV 470), stanowi\u0105ce drug\u0105 wersj\u0119 cz\u0119\u015bci II Koncertu skrzypcowego D-dur (KV 218), a polski skrzypek mia\u0142 by\u0107 jego pierwszym wykonawc\u0105. W Wiedniu Janiewicz obraca\u0142 si\u0119 r\u00f3wnie\u017c w kr\u0119gu polskich skrzypk\u00f3w, braci Jana Baptysty i Franciszka Kleczy\u0144skich. Michael Kelly, irlandzki tenor i przyjaciel Mozarta, wspomina\u0142 Janiewicza jako jednego z najlepszych skrzypk\u00f3w \u015bwiata, podkre\u015blaj\u0105c niezapomniany d\u017awi\u0119k jego instrumentu oraz talent kompozytorski, zw\u0142aszcza w zakresie Polonez\u00f3w i Wariacji, kt\u00f3rymi ko\u0144czy\u0142 koncerty.<\/span><\/p>\n<p><span style=\"color: #334e58;\">W 1786 roku Janiewicz uda\u0142 si\u0119 do W\u0142och, gdzie jego kariera solisty rozkwit\u0142a. Dzi\u0119ki nienagannym manierom nabytym na dworze kr\u00f3lewskim i znajomo\u015bci j\u0119zyk\u00f3w, z \u0142atwo\u015bci\u0105 oczarowywa\u0142 mo\u017cnych. Po koncercie pozna\u0142 ksi\u0119\u017cn\u0105 Izabel\u0119 Lubomirsk\u0105, kt\u00f3ra sfinansowa\u0142a mu dalszy pobyt i lekcje u Pietro Nardiniego oraz Gaetano Pugnaniego (1786\u20131787). W Neapolu, mimo umiarkowanego zainteresowania skrzypkami, zarabia\u0142 niebagatelne sumy, wy\u017csze ni\u017c inni muzycy i nawet cenieni \u015bpiewacy.<\/span><\/p>\n<p><span style=\"color: #334e58;\">Z W\u0142och Janiewicz przeni\u00f3s\u0142 si\u0119 do Pary\u017ca, wyst\u0119puj\u0105c m.in. w Concerts de la Loge Olympique i dziel\u0105c scen\u0119 z Jean\u2019em-J\u00e9r\u00f4me\u2019em Imbaultem, p\u00f3\u017aniejszym wydawc\u0105 jego dzie\u0142. Od 1790 roku by\u0142 cz\u0142onkiem orkiestry ksi\u0119cia orlea\u0144skiego, Ludwika Filipa J\u00f3zefa.<\/span><\/p>\n<h3>Dzia\u0142alno\u015b\u0107 w Wielkiej Brytanii<\/h3>\n<p><span style=\"color: #334e58;\">Po wybuchu Wielkiej Rewolucji Francuskiej w 1792 roku, Feliks Janiewicz wyjecha\u0142 do Kr\u00f3lestwa Wielkiej Brytanii na zaproszenie impresaria Johanna Petera Salomona. Szybko zaadaptowa\u0142 si\u0119 w brytyjskim \u017cyciu koncertowym, zyskuj\u0105c pochwa\u0142y krytyk\u00f3w za \"pewien no\u015bny ton prowadzenia smyczka\". Cz\u0119sto wyst\u0119powa\u0142 z Haydnem w\u00a0<i>Hanover Square Rooms<\/i>. W Anglii Janiewicz pozna\u0142 tak\u017ce dwunastoletniego, czarnego skrzypka polskiego pochodzenia, George\u2019a Augustusa Polgreena Bridgetowere\u2019a.<\/span><\/p>\n<p><span style=\"color: #334e58;\">W pa\u017adzierniku 1799 roku Janiewicz o\u017ceni\u0142 si\u0119 z Eliz\u0105 Breeze i zamieszkali w Liverpoolu, gdzie sp\u0119dzili 15 lat. Janiewicz nie tylko kierowa\u0142 orkiestr\u0105 i organizowa\u0142 cykle koncertowe, ale r\u00f3wnie\u017c sta\u0142 si\u0119 biznesmenem. W 1801 roku za\u0142o\u017cy\u0142 sklep\u00a0<i>Music, Musical Instruments Warehouse<\/i>, sprzedaj\u0105c instrumenty i nuty, w tym w\u0142asne miniatury oraz transkrypcje arii operowych. Koncertowa\u0142 w niemal wszystkich licz\u0105cych si\u0119 salach Wielkiej Brytanii, wsp\u00f3\u0142pracuj\u0105c m.in. ze s\u0142ynn\u0105 w\u0142osk\u0105 \u015bpiewaczk\u0105 Angelik\u0105 Catalani.<\/span><\/p>\n<p><span style=\"color: #334e58;\">W 1813 roku Janiewicz znalaz\u0142 si\u0119 w\u015br\u00f3d 30 za\u0142o\u017cycieli Philharmonic Society of London (obecnie Royal Philharmonic Society), towarzystwa stworzonego w celu upowszechniania koncert\u00f3w muzyki instrumentalnej i zamawiania nowego repertuaru (m.in. IX Symfonii Beethovena).<\/span><\/p>\n<p><span style=\"color: #334e58;\">W 1815 roku przeni\u00f3s\u0142 si\u0119 do Edynburga, gdzie wsp\u00f3\u0142organizowa\u0142 pierwsze festiwale edynburskie (1815, 1819, 1824). By\u0142 pionierem, koncentruj\u0105c si\u0119 na\u00a0<span>muzyce instrumentalnej i promuj\u0105c programy koncertowe przede wszystkim nazwiskami kompozytor\u00f3w, co by\u0142o w\u00f3wczas nowatorskie. Te festiwale s\u0105 uznawane za inspiracj\u0119 dlap\u00f3\u017aniejszych\u00a0<i>Edinburgh International Festival<\/i>i\u00a0<i>Edinburgh Festival Fringe<\/i>.<\/span><\/span><\/p>\n<p dir=\"auto\"><span style=\"color: #334e58;\">Janiewicz zagra\u0142 po\u017cegnalny koncert w 1831 roku. W tym samym czasie odwiedza\u0142 go Niccol\u00f2 Paganini, kt\u00f3ry zwraca\u0142 si\u0119 do niego per \"M\u00f3j Mistrzu\". Janiewicz zmar\u0142 21 maja 1848 roku w Edynburgu.<\/span><\/p>\n<\/div>\n<p>[\/et_pb_text][\/et_pb_column][et_pb_column type=&#8221;1_2&#8243; _builder_version=&#8221;4.20.0&#8243; _module_preset=&#8221;default&#8221; global_colors_info=&#8221;{}&#8221;][et_pb_image src=&#8221;https:\/\/polishcomposersof19c.com\/wp-content\/uploads\/2025\/12\/IMG_1442.jpg&#8221; alt=&#8221;Lithograph based on a portrait by Maria Szymanowska by Jozef Oleszkiewicz, 1825. Print from the collection of Bibliotheque Polonaise in Paris.&#8221; title_text=&#8221;IMG_1442&#8243; _builder_version=&#8221;4.27.4&#8243; _module_preset=&#8221;default&#8221; min_height=&#8221;213.7px&#8221; custom_margin=&#8221;2px|||||&#8221; custom_padding=&#8221;|3px|2px|4px||&#8221; global_colors_info=&#8221;{}&#8221;][\/et_pb_image][et_pb_text _builder_version=&#8221;4.27.4&#8243; _module_preset=&#8221;78e628bd-4da5-431b-8c94-70e92ccc95ef&#8221; text_text_color=&#8221;#fffcf7&#8243; text_font_size=&#8221;5px&#8221; header_2_text_color=&#8221;#FFFFFF&#8221; header_3_font=&#8221;Cormorant Garamond||||||||&#8221; width=&#8221;103.4%&#8221; min_height=&#8221;120px&#8221; custom_margin=&#8221;-22px|-17px||||&#8221; custom_padding=&#8221;0px|4px|14px|||&#8221; global_colors_info=&#8221;{}&#8221;]<\/p>\n<h3 style=\"text-align: left;\"><span style=\"font-size: medium;\">\u0179r\u00f3d\u0142o:\u00a0<\/span><\/h3>\n<p>[\/et_pb_text][\/et_pb_column][\/et_pb_row][\/et_pb_section]<\/p>","protected":false},"excerpt":{"rendered":"<p>Feliks Janiewicz (1762\u20131848)\u00a0Feliks Janiewicz\u00a0was an eminent figure in the world of music, active as a Polish-Lithuanian violin virtuoso, composer, conductor, educator, music life organizer, and publisher. He was born in\u00a0Vilnius\u00a0in\u00a01762. His exact date of birth, much like many details concerning his origins, remains unknown. Although he was considered a Polish nobleman in England, and rumors [&hellip;]<\/p>","protected":false},"author":1,"featured_media":0,"parent":0,"menu_order":0,"comment_status":"closed","ping_status":"closed","template":"","meta":{"_et_pb_use_builder":"on","_et_pb_old_content":"","_et_gb_content_width":"","footnotes":""},"class_list":["post-744","page","type-page","status-publish","hentry"],"_links":{"self":[{"href":"https:\/\/polishcomposersof19c.com\/pl\/wp-json\/wp\/v2\/pages\/744","targetHints":{"allow":["GET"]}}],"collection":[{"href":"https:\/\/polishcomposersof19c.com\/pl\/wp-json\/wp\/v2\/pages"}],"about":[{"href":"https:\/\/polishcomposersof19c.com\/pl\/wp-json\/wp\/v2\/types\/page"}],"author":[{"embeddable":true,"href":"https:\/\/polishcomposersof19c.com\/pl\/wp-json\/wp\/v2\/users\/1"}],"replies":[{"embeddable":true,"href":"https:\/\/polishcomposersof19c.com\/pl\/wp-json\/wp\/v2\/comments?post=744"}],"version-history":[{"count":0,"href":"https:\/\/polishcomposersof19c.com\/pl\/wp-json\/wp\/v2\/pages\/744\/revisions"}],"wp:attachment":[{"href":"https:\/\/polishcomposersof19c.com\/pl\/wp-json\/wp\/v2\/media?parent=744"}],"curies":[{"name":"wp","href":"https:\/\/api.w.org\/{rel}","templated":true}]}}