{"id":750,"date":"2025-12-02T10:14:38","date_gmt":"2025-12-02T10:14:38","guid":{"rendered":"https:\/\/polishcomposersof19c.com\/?page_id=750"},"modified":"2025-12-02T11:10:11","modified_gmt":"2025-12-02T11:10:11","slug":"karol-lipinski","status":"publish","type":"page","link":"https:\/\/polishcomposersof19c.com\/pl\/karol-lipinski\/","title":{"rendered":"Karol Lipi\u0144ski"},"content":{"rendered":"<p>[et_pb_section fb_built=&#8221;1&#8243; admin_label=&#8221;About&#8221; _builder_version=&#8221;4.27.4&#8243; _module_preset=&#8221;default&#8221; background_color=&#8221;#fffcf7&#8243; background_image=&#8221;https:\/\/polishcomposersof19c.com\/wp-content\/uploads\/2025\/01\/47-1.png&#8221; background_size=&#8221;initial&#8221; background_position=&#8221;top_center&#8221; collapsed=&#8221;on&#8221; global_colors_info=&#8221;{}&#8221;][et_pb_row column_structure=&#8221;1_2,1_2&#8243; _builder_version=&#8221;4.20.0&#8243; _module_preset=&#8221;default&#8221; custom_padding=&#8221;||0px||false|false&#8221; global_colors_info=&#8221;{}&#8221;][et_pb_column type=&#8221;1_2&#8243; _builder_version=&#8221;4.20.0&#8243; _module_preset=&#8221;default&#8221; global_colors_info=&#8221;{}&#8221;][et_pb_text _builder_version=&#8221;4.20.0&#8243; _module_preset=&#8221;78e628bd-4da5-431b-8c94-70e92ccc95ef&#8221; header_2_text_color=&#8221;#FFFFFF&#8221; width=&#8221;100%&#8221; custom_padding=&#8221;|0px||||&#8221; global_colors_info=&#8221;{}&#8221;]<\/p>\n<h2><span style=\"color: #381d2a;\"><span>Karol Lipi\u0144ski<\/span><\/span><\/h2>\n<h2><span style=\"color: #381d2a;\"><span>(1790-1861)<\/span><\/span><\/h2>\n<p>[\/et_pb_text][et_pb_text _builder_version=&#8221;4.27.4&#8243; _module_preset=&#8221;1b32a508-bed9-4043-b8e5-8175eda2df0c&#8221; text_text_color=&#8221;#FFFFFF&#8221; hover_enabled=&#8221;0&#8243; global_colors_info=&#8221;{}&#8221; sticky_enabled=&#8221;0&#8243;]<\/p>\n<div dir=\"auto\">\n<p dir=\"auto\"><span style=\"color: #334e58;\"><span>Karol Lipi\u0144ski, skrzypek, kompozytor i dyrygent, urodzi\u0142 si\u0119 30 pa\u017adziernika 1790 roku w Radzyniu na Podlasiu, a zmar\u0142 16 grudnia 1861 roku w Ur\u0142owie ko\u0142o Lwowa.<\/p>\n<p dir=\"auto\"><span style=\"color: #334e58;\">Nauk\u0119 gry na skrzypcach rozpocz\u0105\u0142 wyj\u0105tkowo wcze\u015bnie \u2013 ju\u017c w wieku pi\u0119ciu lat, pod kierunkiem w\u0142asnego ojca. W 1799 roku przeni\u00f3s\u0142 si\u0119 wraz z rodzin\u0105 do Lwowa. Tam obj\u0105\u0142 funkcj\u0119 koncertmistrza w orkiestrze pa\u0142acowej hrabiego Adama Starze\u0144skiego, kt\u00f3r\u0105 prowadzi\u0142 jego ojciec. Co ciekawe, Lipi\u0144ski szybko opanowa\u0142 tak\u017ce gr\u0119 na wiolonczeli, osi\u0105gaj\u0105c r\u00f3wnie wysoki poziom. Jego kariera we Lwowie rozwija\u0142a si\u0119 dynamicznie: w 1809 roku zosta\u0142 koncertmistrzem, a w 1811 roku awansowa\u0142 na kapelmistrza orkiestry teatru operowego.<\/p>\n<p><span style=\"color: #334e58;\">W 1814 roku Lipi\u0144ski wyjecha\u0142 do Wiednia, gdzie spotka\u0142 s\u0142ynnego niemieckiego skrzypka i kompozytora, Ludwika Spohra. To Spohr przekona\u0142 go do porzucenia dotychczasowej pracy we lwowskim teatrze i po\u015bwi\u0119cenia si\u0119 wy\u0142\u0105cznie karierze skrzypka-wirtuoza. Lipi\u0144ski skupi\u0142 si\u0119 na doskonaleniu techniki i przygotowaniu profesjonalnego repertuaru.<\/p>\n<p dir=\"auto\"><span style=\"color: #334e58;\">W 1817 roku, po wyst\u0119pie we Lwowie, Lipi\u0144ski wyruszy\u0142 w d\u0142ug\u0105 podr\u00f3\u017c artystyczn\u0105 do W\u0142och. Koncertowa\u0142 z sukcesami w Wenecji, Mediolanie i innych miastach. Najwa\u017cniejszym wydarzeniem by\u0142o jego dwukrotne wsp\u00f3lne wyst\u0105pienie z Niccol\u00f2 Paganinim w Piacenzy w kwietniu 1818 roku.<\/p>\n<p><span style=\"color: #334e58;\">W kolejnych latach Lipi\u0144ski odby\u0142 wieloletnie tourn\u00e9e, zyskuj\u0105c wielki aplauz w miastach takich jak Kij\u00f3w, Wilno, Krak\u00f3w, Wroc\u0142aw, Lipsk, Berlin, Moskwa i Petersburg. Jego wyst\u0119py w Warszawie na prze\u0142omie 1827 i 1828 roku zaowocowa\u0142y nominacj\u0105 na pierwszego skrzypka Dworu Kr\u00f3lestwa Polskiego, a w 1831 roku \u2013 Dworu Carskiego. W maju 1829 roku w Warszawie ponownie mia\u0142 okazj\u0119 zagra\u0107 z Paganinim podczas uroczysto\u015bci koronacyjnych cara Miko\u0142aja I.<\/p>\n<p dir=\"auto\"><span style=\"color: #334e58;\">W 1830 roku Lipi\u0144ski zrobi\u0142 trzyletni\u0105 przerw\u0119 w koncertowaniu, by w pe\u0142ni po\u015bwi\u0119ci\u0107 si\u0119 dalszemu doskonaleniu gry. P\u00f3\u017aniej wznowi\u0142 podr\u00f3\u017ce po Europie, wyst\u0119puj\u0105c m.in. w Pary\u017cu (gdzie pomoc w organizacji koncertu otrzyma\u0142 od Fryderyka Chopina), Londynie, Manchesterze i Frankfurcie nad Menem. Po wiede\u0144skich koncertach, w dow\u00f3d uznania dla jego mistrzowskiej gry, otrzyma\u0142 tytu\u0142 honorowego obywatela tego miasta.<\/span><\/p>\n<p><span style=\"color: #334e58;\">W 1839 roku Lipi\u0144ski osiad\u0142 na sta\u0142e w Dre\u017anie. Przez dwadzie\u015bcia lat pe\u0142ni\u0142 tam presti\u017cow\u0105 funkcj\u0119 koncertmistrza orkiestry kr\u00f3la saskiego Fryderyka Augusta. Opr\u00f3cz tego bra\u0142 udzia\u0142 w licznych koncertach kameralnych i symfonicznych (m.in. gra\u0142 z Ferencem Lisztem), a tak\u017ce podr\u00f3\u017cowa\u0142 do Lwowa, Kijowa i Warszawy. R\u00f3wnolegle prowadzi\u0142 dzia\u0142alno\u015b\u0107 pedagogiczn\u0105, maj\u0105c pod opiek\u0105 m.in. 14-letniego J\u00f3zsefa Joachima (w 1845) oraz 13-letniego Henryka Wieniawskiego (w 1848).<\/span><\/p>\n<p><span style=\"color: #334e58;\">Niestety, od 1846 roku choroba reumatyczna zmusi\u0142a go do stopniowego ograniczania aktywno\u015bci koncertowej. Za wybitne zas\u0142ugi dla dworu kr\u00f3lewskiego w 1854 roku zosta\u0142 odznaczony Rycerskim Orderem ksi\u0119cia Alberta. W 1861 roku przeszed\u0142 na emerytur\u0119 i przeni\u00f3s\u0142 si\u0119 do swojego maj\u0105tku Ur\u0142\u00f3w ko\u0142o Lwowa, gdzie za\u0142o\u017cy\u0142 szko\u0142\u0119 muzyczn\u0105 dla utalentowanych dzieci ch\u0142opskich.<span style=\"color: #334e58;\"><\/span><\/span><\/p>\n<\/div>\n<p>[\/et_pb_text][\/et_pb_column][et_pb_column type=&#8221;1_2&#8243; _builder_version=&#8221;4.20.0&#8243; _module_preset=&#8221;default&#8221; global_colors_info=&#8221;{}&#8221;][et_pb_image src=&#8221;https:\/\/polishcomposersof19c.com\/wp-content\/uploads\/2025\/12\/IMG_1443.jpeg&#8221; title_text=&#8221;IMG_1443&#8243; _builder_version=&#8221;4.27.4&#8243; _module_preset=&#8221;default&#8221; custom_padding=&#8221;||170px|||&#8221; global_colors_info=&#8221;{}&#8221;][\/et_pb_image][\/et_pb_column][\/et_pb_row][\/et_pb_section]<\/p>","protected":false},"excerpt":{"rendered":"<p>Karol Lipi\u0144ski (1790-1861) Karol Lipi\u0144ski, a\u00a0violinist, composer, and conductor, was born on October 30, 1790, in Radzy\u0144 in Podlasie, and died on December 16, 1861, in Ur\u0142\u00f3w near Lviv. He began learning to play the violin exceptionally early\u2014at the age of five, under the tutelage of his own father. In 1799, he moved with his [&hellip;]<\/p>","protected":false},"author":1,"featured_media":0,"parent":0,"menu_order":0,"comment_status":"closed","ping_status":"closed","template":"","meta":{"_et_pb_use_builder":"on","_et_pb_old_content":"","_et_gb_content_width":"","footnotes":""},"class_list":["post-750","page","type-page","status-publish","hentry"],"_links":{"self":[{"href":"https:\/\/polishcomposersof19c.com\/pl\/wp-json\/wp\/v2\/pages\/750","targetHints":{"allow":["GET"]}}],"collection":[{"href":"https:\/\/polishcomposersof19c.com\/pl\/wp-json\/wp\/v2\/pages"}],"about":[{"href":"https:\/\/polishcomposersof19c.com\/pl\/wp-json\/wp\/v2\/types\/page"}],"author":[{"embeddable":true,"href":"https:\/\/polishcomposersof19c.com\/pl\/wp-json\/wp\/v2\/users\/1"}],"replies":[{"embeddable":true,"href":"https:\/\/polishcomposersof19c.com\/pl\/wp-json\/wp\/v2\/comments?post=750"}],"version-history":[{"count":0,"href":"https:\/\/polishcomposersof19c.com\/pl\/wp-json\/wp\/v2\/pages\/750\/revisions"}],"wp:attachment":[{"href":"https:\/\/polishcomposersof19c.com\/pl\/wp-json\/wp\/v2\/media?parent=750"}],"curies":[{"name":"wp","href":"https:\/\/api.w.org\/{rel}","templated":true}]}}