{"id":755,"date":"2025-12-02T10:21:35","date_gmt":"2025-12-02T10:21:35","guid":{"rendered":"https:\/\/polishcomposersof19c.com\/?page_id=755"},"modified":"2025-12-02T10:34:53","modified_gmt":"2025-12-02T10:34:53","slug":"feliks-ignacy-dobrzynski","status":"publish","type":"page","link":"https:\/\/polishcomposersof19c.com\/pl\/feliks-ignacy-dobrzynski\/","title":{"rendered":"Feliks Ignacy Dobrzy\u0144ski"},"content":{"rendered":"<p>[et_pb_section fb_built=&#8221;1&#8243; admin_label=&#8221;About&#8221; _builder_version=&#8221;4.27.4&#8243; _module_preset=&#8221;default&#8221; background_color=&#8221;#fffcf7&#8243; background_image=&#8221;https:\/\/polishcomposersofthe0148.live-website.com\/wp-content\/uploads\/2025\/01\/50-1.png&#8221; background_size=&#8221;initial&#8221; collapsed=&#8221;on&#8221; global_colors_info=&#8221;{}&#8221;][et_pb_row column_structure=&#8221;1_2,1_2&#8243; _builder_version=&#8221;4.20.0&#8243; _module_preset=&#8221;default&#8221; custom_padding=&#8221;||0px||false|false&#8221; global_colors_info=&#8221;{}&#8221;][et_pb_column type=&#8221;1_2&#8243; _builder_version=&#8221;4.20.0&#8243; _module_preset=&#8221;default&#8221; global_colors_info=&#8221;{}&#8221;][et_pb_text _builder_version=&#8221;4.20.0&#8243; _module_preset=&#8221;78e628bd-4da5-431b-8c94-70e92ccc95ef&#8221; header_2_text_color=&#8221;#FFFFFF&#8221; width=&#8221;100%&#8221; custom_padding=&#8221;|0px||||&#8221; global_colors_info=&#8221;{}&#8221;]<\/p>\n<h2><span style=\"color: #381d2a;\">Feliks Ignacy Dobrzy\u0144ski (1807<\/span><span style=\"color: #381d2a;\">\u2013<\/span><span style=\"color: #381d2a;\">1867)<\/span><\/h2>\n<p>[\/et_pb_text][et_pb_text _builder_version=&#8221;4.27.4&#8243; _module_preset=&#8221;1b32a508-bed9-4043-b8e5-8175eda2df0c&#8221; text_text_color=&#8221;#FFFFFF&#8221; hover_enabled=&#8221;0&#8243; global_colors_info=&#8221;{}&#8221; sticky_enabled=&#8221;0&#8243;]<\/p>\n<p dir=\"auto\"><span style=\"color: #334e58;\">Feliks Ignacy Dobrzy\u0144ski \u2014 wybitny kompozytor, dyrygent, pianista i pedagog \u2014 urodzi\u0142 si\u0119 25 lutego 1807 roku w Romanowie na Wo\u0142yniu. Jego \u017cycie zako\u0144czy\u0142o si\u0119 w Warszawie, gdzie zmar\u0142 9 pa\u017adziernika 1867 roku.<\/span><\/p>\n<h3 dir=\"auto\"><span>Edukacja i Wczesna Kariera<\/span><\/h3>\n<p><span style=\"color: #334e58;\">Edukacj\u0119 rozpocz\u0105\u0142 w kolegium jezuickim w Romanowie. Nast\u0119pnie, w latach 1817\u20131821, kontynuowa\u0142 nauk\u0119 w Winnicy, gdzie uko\u0144czy\u0142 Gimnazjum Podolskie.<\/span><\/p>\n<p><span style=\"color: #334e58;\">W zakresie muzyki, pocz\u0105tkowo pobiera\u0142 lekcje u swojego ojca, Ignacego, kt\u00f3ry sam by\u0142 skrzypkiem, kompozytorem i dyrygentem. Od 1825 roku studiowa\u0142 w Warszawie pod kierunkiem s\u0142ynnego J\u00f3zefa Elsnera, pocz\u0105tkowo prywatnie. W latach 1826\u20131828 kontynuowa\u0142 kszta\u0142cenie w Szkole G\u0142\u00f3wnej Muzyki w Warszawie.<\/span><\/p>\n<p><span style=\"color: #334e58;\">Komponowa\u0107 zacz\u0105\u0142 jeszcze w Winnicy. Po osiedleniu si\u0119 w Warszawie na sta\u0142e, prowadzi\u0142 bardzo o\u017cywion\u0105 dzia\u0142alno\u015b\u0107jako kompozytor, pedagog oraz organizator \u017cycia muzycznego. Tworzy\u0142 zespo\u0142y muzyczne, zabiega\u0142 o organizacj\u0119 koncert\u00f3w symfonicznych, na kt\u00f3rych cz\u0119sto wyst\u0119powa\u0142 jako dyrygent.<\/span><\/p>\n<h3 dir=\"auto\"><span>Najwa\u017cniejsze Osi\u0105gni\u0119cia<\/span><\/h3>\n<p><span style=\"color: #334e58;\">Zyska\u0142 du\u017ce uznanie jako nauczyciel gry na fortepianie. Efektem tej pracy pedagogicznej by\u0142o wydanie w 1845 rokuprzez wydawnictwo Sennewald w Warszawie podr\u0119cznika \"Szko\u0142a na fortepian\".<\/p>\n<p><span style=\"color: #334e58;\">W 1835 roku osi\u0105gn\u0105\u0142 znacz\u0105cy sukces, zdobywaj\u0105c II nagrod\u0119 na konkursie kompozytorskim w Wiedniu za swoj\u0105 2. Symfoni\u0119 c-moll op. 15. Symfonia ta by\u0142a p\u00f3\u017aniej wykonywana (we fragmentach) w Warszawie, a tak\u017ce w Lipsku, gdzie dyrygowa\u0142 ni\u0105 Feliks Mendelssohn-Bartholdy.<br \/>\n<span style=\"color: #334e58;\">W 1862 roku zosta\u0142a wydana w Warszawie przez Sennewalda w wersji na cztery r\u0119ce pod tytu\u0142em\u00a0<i>Symfonia charakterystyczna w duchu muzyki polskiej.<\/i>.<\/span><\/span><\/p>\n<p><span style=\"color: #334e58;\">W latach 1836\u20131838 skomponowa\u0142 swoj\u0105 pierwsz\u0105 oper\u0119,\u00a0<i>Monbar czyli Flibustierowie op. 30.<\/i>Fragmenty dzie\u0142a by\u0142y prezentowane koncertowo w Warszawie, Poznaniu, Berlinie i Dre\u017anie. Prapremiera sceniczna opery mia\u0142a miejsce w Teatrze Wielkim w Warszawie w 1863 roku.<\/p>\n<h3 dir=\"auto\"><span>Podr\u00f3\u017ce i Dalsza Dzia\u0142alno\u015b\u0107<\/span><\/h3>\n<p><span style=\"color: #334e58;\">W latach 1841\u20131843 uczy\u0142 muzyki w Instytucie Aleksandryjskim Wychowania Panien. W marcu 1845 roku rozpocz\u0105\u0142 podr\u00f3\u017c artystyczn\u0105 po Europie, odwiedzaj\u0105c Berlin, Lipsk, Drezno, Monachium, Bonn, Frankfurt nad Menem i Wiede\u0144, prezentuj\u0105c podczas tych wyjazd\u00f3w w\u0142asn\u0105 tw\u00f3rczo\u015b\u0107.<\/p>\n<p><span style=\"color: #334e58;\">W Berlinie musia\u0142 pozosta\u0107 na d\u0142u\u017cej, utrzymuj\u0105c si\u0119 z lekcji muzyki. Drog\u0119 powrotn\u0105 do kraju zamkn\u0105\u0142 sobie, pisz\u0105c utwory patriotyczne, w tym pie\u015b\u0144 Do matki Polki do s\u0142\u00f3w\u00a0<i>To a Polish Mother (Do matki Polki)<\/i>Adama Mickiewicza. Do Warszawy wr\u00f3ci\u0142 dopiero we wrze\u015bniu 1847 roku.<\/p>\n<div>\n<div><\/div>\n<\/div>\n<p><span style=\"color: #334e58;\">W 1852 roku zosta\u0142 zaanga\u017cowany jako dyrygent opery do Teatru Wielkiego, jednak pe\u0142ni\u0142 t\u0119 funkcj\u0119 przez niespe\u0142na rok. W kolejnych latach ograniczy\u0142 si\u0119 do dyrygowania orkiestr\u0105 operow\u0105 na koncertach symfonicznych, kt\u00f3re odbywa\u0142y si\u0119 m.in. w salach Resursy Kupieckiej.<\/p>\n<h3 dir=\"auto\"><span>\u00a0Organizacja \u017bycia Muzycznego i Ostatnie Lata<\/span><\/h3>\n<p><span style=\"color: #334e58;\">W pa\u017adzierniku 1857 roku zorganizowa\u0142 Orkiestr\u0119 Polsk\u0105 Ignacego Feliksa Dobrzy\u0144skiego, sk\u0142adaj\u0105c\u0105 si\u0119 z wybitnych cz\u0142onk\u00f3w orkiestry Teatru Wielkiego. Orkiestra ta dawa\u0142a cotygodniowe koncerty w Nowej Arkadii przy ul. Mokotowskiej a\u017c do grudnia 1857 roku.<\/p>\n<p><span style=\"color: #334e58;\">W latach 1858\u20131860 bra\u0142 udzia\u0142 w pracach komitetu powo\u0142anego w celu za\u0142o\u017cenia Instytutu Muzycznego w Warszawie. W tym okresie zosta\u0142 tak\u017ce cz\u0142onkiem lwowskiego Towarzystwa Muzycznego.<\/p>\n<p><span style=\"color: #334e58;\">After\u00a01860, due to poor health, he gradually withdrew from active participation in the capital&#8217;s musical life and dedicated himself\u00a0exclusively to composition.[\/et_pb_text][\/et_pb_column][et_pb_column type=&#8221;1_2&#8243; _builder_version=&#8221;4.20.0&#8243; _module_preset=&#8221;default&#8221; global_colors_info=&#8221;{}&#8221;][et_pb_image src=&#8221;https:\/\/polishcomposersof19c.com\/wp-content\/uploads\/2025\/12\/IMG_1445.jpeg&#8221; alt=&#8221;Lithograph based on a portrait by Maria Szymanowska by Jozef Oleszkiewicz, 1825. Print from the collection of Bibliotheque Polonaise in Paris.&#8221; title_text=&#8221;IMG_1445&#8243; _builder_version=&#8221;4.27.4&#8243; _module_preset=&#8221;default&#8221; min_height=&#8221;213.7px&#8221; custom_margin=&#8221;2px|||||&#8221; custom_padding=&#8221;|3px|2px|4px||&#8221; global_colors_info=&#8221;{}&#8221;][\/et_pb_image][et_pb_text _builder_version=&#8221;4.27.4&#8243; _module_preset=&#8221;78e628bd-4da5-431b-8c94-70e92ccc95ef&#8221; text_text_color=&#8221;#fffcf7&#8243; text_font_size=&#8221;5px&#8221; header_2_text_color=&#8221;#FFFFFF&#8221; header_3_font=&#8221;Cormorant Garamond||||||||&#8221; width=&#8221;103.4%&#8221; custom_margin=&#8221;-22px|-17px||||&#8221; custom_padding=&#8221;0px|4px|14px|||&#8221; global_colors_info=&#8221;{}&#8221;]<\/p>\n<h3 style=\"text-align: left;\"><span style=\"font-size: medium;\">\u0179r\u00f3d\u0142o<\/span><span style=\"font-size: medium;\">:\u00a0<\/span><\/h3>\n<p>[\/et_pb_text][\/et_pb_column][\/et_pb_row][\/et_pb_section]<\/p>","protected":false},"excerpt":{"rendered":"<p>Feliks Ignacy Dobrzy\u0144ski (1807\u20131867)Feliks Ignacy Dobrzy\u0144ski \u2014 an eminent composer, conductor, pianist, and educator \u2014 was born on February 25, 1807, in Roman\u00f3w, Volhynia. His life ended in Warsaw, where he died on October 9, 1867. Education and Early Career His education began at the\u00a0Jesuit college in Roman\u00f3w. Subsequently, between 1817 and 1821, he attended [&hellip;]<\/p>","protected":false},"author":1,"featured_media":0,"parent":0,"menu_order":0,"comment_status":"closed","ping_status":"closed","template":"","meta":{"_et_pb_use_builder":"on","_et_pb_old_content":"","_et_gb_content_width":"","footnotes":""},"class_list":["post-755","page","type-page","status-publish","hentry"],"_links":{"self":[{"href":"https:\/\/polishcomposersof19c.com\/pl\/wp-json\/wp\/v2\/pages\/755","targetHints":{"allow":["GET"]}}],"collection":[{"href":"https:\/\/polishcomposersof19c.com\/pl\/wp-json\/wp\/v2\/pages"}],"about":[{"href":"https:\/\/polishcomposersof19c.com\/pl\/wp-json\/wp\/v2\/types\/page"}],"author":[{"embeddable":true,"href":"https:\/\/polishcomposersof19c.com\/pl\/wp-json\/wp\/v2\/users\/1"}],"replies":[{"embeddable":true,"href":"https:\/\/polishcomposersof19c.com\/pl\/wp-json\/wp\/v2\/comments?post=755"}],"version-history":[{"count":0,"href":"https:\/\/polishcomposersof19c.com\/pl\/wp-json\/wp\/v2\/pages\/755\/revisions"}],"wp:attachment":[{"href":"https:\/\/polishcomposersof19c.com\/pl\/wp-json\/wp\/v2\/media?parent=755"}],"curies":[{"name":"wp","href":"https:\/\/api.w.org\/{rel}","templated":true}]}}